{"id":5399,"date":"2023-05-02T13:13:12","date_gmt":"2023-05-02T13:13:12","guid":{"rendered":"https:\/\/procedimientosquirurgicos.com.co\/cirugia-plastica-y-estetica\/acido-hialuronico\/"},"modified":"2023-05-23T16:49:46","modified_gmt":"2023-05-23T16:49:46","slug":"acido-hialuronico","status":"publish","type":"page","link":"https:\/\/procedimientosquirurgicos.com.co\/en\/cirugia-plastica-y-estetica\/acido-hialuronico\/","title":{"rendered":"\u00c1cido Hialur\u00f3nico"},"content":{"rendered":"\t\t<div data-elementor-type=\"wp-page\" data-elementor-id=\"5399\" class=\"elementor elementor-5399 elementor-4546\" data-elementor-post-type=\"page\">\n\t\t\t\t<div class=\"elementor-element elementor-element-6ba8615 e-flex e-con-boxed e-con e-parent\" data-id=\"6ba8615\" data-element_type=\"container\" data-settings=\"{&quot;background_background&quot;:&quot;classic&quot;}\">\n\t\t\t\t\t<div class=\"e-con-inner\">\n\t\t\t\t<div class=\"elementor-element elementor-element-7b06820 elementor-widget elementor-widget-heading\" data-id=\"7b06820\" data-element_type=\"widget\" data-widget_type=\"heading.default\">\n\t\t\t\t<div class=\"elementor-widget-container\">\n\t\t\t\t\t<h1 class=\"elementor-heading-title elementor-size-default\">\u00c1CIDO HIALUR\u00d3NICO<\/h1>\t\t\t\t<\/div>\n\t\t\t\t<\/div>\n\t\t\t\t<div class=\"elementor-element elementor-element-ad34d37 elementor-widget elementor-widget-text-editor\" data-id=\"ad34d37\" data-element_type=\"widget\" data-widget_type=\"text-editor.default\">\n\t\t\t\t<div class=\"elementor-widget-container\">\n\t\t\t\t\t\t\t\t\t<p>Tratamiento para dar suavidad, remover arrugas gruesas y surcos profundos, contornear y aumentar los labios<\/p>\n\t\t\t\t\t\t\t\t<\/div>\n\t\t\t\t<\/div>\n\t\t\t\t\t<\/div>\n\t\t\t\t<\/div>\n\t\t<div class=\"elementor-element elementor-element-22ebabe e-flex e-con-boxed e-con e-parent\" data-id=\"22ebabe\" data-element_type=\"container\">\n\t\t\t\t\t<div class=\"e-con-inner\">\n\t\t<div class=\"elementor-element elementor-element-39e776c e-con-full e-flex e-con e-parent\" data-id=\"39e776c\" data-element_type=\"container\">\n\t\t\t\t<div class=\"elementor-element elementor-element-32d7745 elementor-widget elementor-widget-shortcode\" data-id=\"32d7745\" data-element_type=\"widget\" data-widget_type=\"shortcode.default\">\n\t\t\t\t<div class=\"elementor-widget-container\">\n\t\t\t\t\t\t\t<div class=\"elementor-shortcode\">\t\t<div data-elementor-type=\"section\" data-elementor-id=\"4480\" class=\"elementor elementor-4480\" data-elementor-post-type=\"elementor_library\">\n\t\t\t<div class=\"elementor-element elementor-element-c51e470 e-flex e-con-boxed e-con e-parent\" data-id=\"c51e470\" data-element_type=\"container\">\n\t\t\t\t\t<div class=\"e-con-inner\">\n\t\t\t\t<div class=\"elementor-element elementor-element-1d5a603 elementor-widget elementor-widget-heading\" data-id=\"1d5a603\" data-element_type=\"widget\" data-widget_type=\"heading.default\">\n\t\t\t\t<div class=\"elementor-widget-container\">\n\t\t\t\t\t<h4 class=\"elementor-heading-title elementor-size-default\">CIRUG\u00cdA PL\u00c1STICA<\/h4>\t\t\t\t<\/div>\n\t\t\t\t<\/div>\n\t\t\t\t<div class=\"elementor-element elementor-element-3ec6d9c uael-nav-menu__align-justify uael-nav-menu__breakpoint-mobile uael-nav-menu-toggle-label-yes uael-nav-menu-label-align-left uael-submenu-icon-arrow uael-link-redirect-child elementor-widget elementor-widget-uael-nav-menu\" data-id=\"3ec6d9c\" data-element_type=\"widget\" data-widget_type=\"uael-nav-menu.default\">\n\t\t\t\t<div class=\"elementor-widget-container\">\n\t\t\t\t\t\t\t<div class=\"uael-nav-menu uael-layout-vertical uael-nav-menu-layout\" data-layout=\"vertical\">\n\t\t\t\t<div role=\"button\" class=\"uael-nav-menu__toggle elementor-clickable\">\n\t\t\t\t\t<span class=\"screen-reader-text\">Main Menu<\/span>\n\t\t\t\t\t<div class=\"uael-nav-menu-icon\">\n\t\t\t\t\t\t<i aria-hidden=\"true\" class=\"fas fa-stream\"><\/i>\t\t\t\t\t<\/div>\n\t\t\t\t\t\t\t\t\t\t\t<span class=\"uael-nav-menu-label\">Men\u00fa cirug\u00eda pl\u00e1stica<\/span>\n\t\t\t\t\t\t\t\t\t<\/div>\n\t\t\t\t\t\t\t<nav class=\"uael-nav-menu__layout-vertical uael-nav-menu__submenu-arrow\" data-toggle-icon=\"&lt;i aria-hidden=&quot;true&quot; class=&quot;fas fa-stream&quot;&gt;&lt;\/i&gt;\" data-close-icon=\"&lt;i aria-hidden=&quot;true&quot; class=&quot;far fa-window-close&quot;&gt;&lt;\/i&gt;\" data-full-width=\"yes\"><ul id=\"menu-1-3ec6d9c\" class=\"uael-nav-menu\"><li id=\"menu-item-4487\" class=\"menu-item menu-item-type-post_type menu-item-object-page parent uael-creative-menu\"><a href=\"https:\/\/procedimientosquirurgicos.com.co\/cirugia-plastica-y-estetica\/abdominoplastia\/\" class=\"uael-menu-item\">Abdominoplastia<\/a><\/li>\n<li id=\"menu-item-4564\" class=\"menu-item menu-item-type-post_type menu-item-object-page parent uael-creative-menu\"><a href=\"https:\/\/procedimientosquirurgicos.com.co\/cirugia-plastica-y-estetica\/acido-hialuronico\/\" class=\"uael-menu-item\">\u00c1cido Hialur\u00f3nico<\/a><\/li>\n<li id=\"menu-item-4582\" class=\"menu-item menu-item-type-post_type menu-item-object-page parent uael-creative-menu\"><a href=\"https:\/\/procedimientosquirurgicos.com.co\/cirugia-plastica-y-estetica\/aumento-de-gluteos\/\" class=\"uael-menu-item\">Aumento de Gl\u00fateos<\/a><\/li>\n<li id=\"menu-item-4608\" class=\"menu-item menu-item-type-post_type menu-item-object-page parent uael-creative-menu\"><a href=\"https:\/\/procedimientosquirurgicos.com.co\/cirugia-plastica-y-estetica\/blefaroplastia\/\" class=\"uael-menu-item\">Blefaroplastia<\/a><\/li>\n<li id=\"menu-item-4621\" class=\"menu-item menu-item-type-post_type menu-item-object-page parent uael-creative-menu\"><a href=\"https:\/\/procedimientosquirurgicos.com.co\/cirugia-plastica-y-estetica\/braquioplastia\/\" class=\"uael-menu-item\">Braquioplastia<\/a><\/li>\n<li id=\"menu-item-4663\" class=\"menu-item menu-item-type-post_type menu-item-object-page parent uael-creative-menu\"><a href=\"https:\/\/procedimientosquirurgicos.com.co\/cirugia-plastica-y-estetica\/cervicoplastia\/\" class=\"uael-menu-item\">Cervicoplastia<\/a><\/li>\n<li id=\"menu-item-4684\" class=\"menu-item menu-item-type-post_type menu-item-object-page parent uael-creative-menu\"><a href=\"https:\/\/procedimientosquirurgicos.com.co\/cirugia-plastica-y-estetica\/contorno-facial\/\" class=\"uael-menu-item\">Contorno Facial<\/a><\/li>\n<li id=\"menu-item-4683\" class=\"menu-item menu-item-type-post_type menu-item-object-page parent uael-creative-menu\"><a href=\"https:\/\/procedimientosquirurgicos.com.co\/cirugia-plastica-y-estetica\/correccion-de-ginecomastia\/\" class=\"uael-menu-item\">Correcci\u00f3n de Ginecomastia<\/a><\/li>\n<li id=\"menu-item-4703\" class=\"menu-item menu-item-type-post_type menu-item-object-page parent uael-creative-menu\"><a href=\"https:\/\/procedimientosquirurgicos.com.co\/cirugia-plastica-y-estetica\/frontoplastia\/\" class=\"uael-menu-item\">Frontoplastia<\/a><\/li>\n<li id=\"menu-item-4724\" class=\"menu-item menu-item-type-post_type menu-item-object-page parent uael-creative-menu\"><a href=\"https:\/\/procedimientosquirurgicos.com.co\/cirugia-plastica-y-estetica\/levantamiento-de-senos\/\" class=\"uael-menu-item\">Levantamiento de Senos<\/a><\/li>\n<li id=\"menu-item-4747\" class=\"menu-item menu-item-type-post_type menu-item-object-page parent uael-creative-menu\"><a href=\"https:\/\/procedimientosquirurgicos.com.co\/cirugia-plastica-y-estetica\/liposuccion-lipoescultura\/\" class=\"uael-menu-item\">Liposucci\u00f3n \u2013 Lipoescultura<\/a><\/li>\n<li id=\"menu-item-4777\" class=\"menu-item menu-item-type-post_type menu-item-object-page parent uael-creative-menu\"><a href=\"https:\/\/procedimientosquirurgicos.com.co\/cirugia-plastica-y-estetica\/liposuccion-masculina\/\" class=\"uael-menu-item\">Liposucci\u00f3n Masculina<\/a><\/li>\n<li id=\"menu-item-4795\" class=\"menu-item menu-item-type-post_type menu-item-object-page parent uael-creative-menu\"><a href=\"https:\/\/procedimientosquirurgicos.com.co\/cirugia-plastica-y-estetica\/mamoplastia-de-aumento\/\" class=\"uael-menu-item\">Mamoplastia de Aumento<\/a><\/li>\n<li id=\"menu-item-4840\" class=\"menu-item menu-item-type-post_type menu-item-object-page parent uael-creative-menu\"><a href=\"https:\/\/procedimientosquirurgicos.com.co\/cirugia-plastica-y-estetica\/mamoplastia-de-reduccion\/\" class=\"uael-menu-item\">Mamoplastia de Reducci\u00f3n<\/a><\/li>\n<li id=\"menu-item-4872\" class=\"menu-item menu-item-type-post_type menu-item-object-page parent uael-creative-menu\"><a href=\"https:\/\/procedimientosquirurgicos.com.co\/cirugia-plastica-y-estetica\/otoplastia\/\" class=\"uael-menu-item\">Otoplastia<\/a><\/li>\n<li id=\"menu-item-4877\" class=\"menu-item menu-item-type-post_type menu-item-object-page parent uael-creative-menu\"><a href=\"https:\/\/procedimientosquirurgicos.com.co\/cirugia-plastica-y-estetica\/reduccion-de-muslos\/\" class=\"uael-menu-item\">Reducci\u00f3n de Muslos<\/a><\/li>\n<li id=\"menu-item-4896\" class=\"menu-item menu-item-type-post_type menu-item-object-page parent uael-creative-menu\"><a href=\"https:\/\/procedimientosquirurgicos.com.co\/cirugia-plastica-y-estetica\/revitalizacion-cutanea\/\" class=\"uael-menu-item\">Revitalizaci\u00f3n Cut\u00e1nea<\/a><\/li>\n<li id=\"menu-item-4917\" class=\"menu-item menu-item-type-post_type menu-item-object-page parent uael-creative-menu\"><a href=\"https:\/\/procedimientosquirurgicos.com.co\/cirugia-plastica-y-estetica\/rinoplastia\/\" class=\"uael-menu-item\">Rinoplastia<\/a><\/li>\n<li id=\"menu-item-4943\" class=\"menu-item menu-item-type-post_type menu-item-object-page parent uael-creative-menu\"><a href=\"https:\/\/procedimientosquirurgicos.com.co\/cirugia-plastica-y-estetica\/ritidoplastia\/\" class=\"uael-menu-item\">Ritidoplastia<\/a><\/li>\n<li id=\"menu-item-4959\" class=\"menu-item menu-item-type-post_type menu-item-object-page parent uael-creative-menu\"><a href=\"https:\/\/procedimientosquirurgicos.com.co\/cirugia-plastica-y-estetica\/toxina-botulinica\/\" class=\"uael-menu-item\">Toxina Botul\u00ednica<\/a><\/li>\n<\/ul><\/nav>\n\t\t\t\t\t<\/div>\n\t\t\t\t\t\t\t<\/div>\n\t\t\t\t<\/div>\n\t\t\t\t\t<\/div>\n\t\t\t\t<\/div>\n\t\t\t\t<\/div>\n\t\t<\/div>\n\t\t\t\t\t\t<\/div>\n\t\t\t\t<\/div>\n\t\t\t\t<div class=\"elementor-element elementor-element-10c4163 elementor-widget elementor-widget-image\" data-id=\"10c4163\" data-element_type=\"widget\" data-widget_type=\"image.default\">\n\t\t\t\t<div class=\"elementor-widget-container\">\n\t\t\t\t\t\t\t\t\t\t\t\t\t\t\t\t<a href=\"https:\/\/procedimientosquirurgicos.com.co\/neurocirugia-funcional\/depresion\/\">\n\t\t\t\t\t\t\t<img fetchpriority=\"high\" decoding=\"async\" width=\"360\" height=\"460\" src=\"https:\/\/procedimientosquirurgicos.com.co\/wp-content\/uploads\/2023\/04\/banner-Depresion-1.jpg\" class=\"attachment-large size-large wp-image-4491\" alt=\"\" srcset=\"https:\/\/procedimientosquirurgicos.com.co\/wp-content\/uploads\/2023\/04\/banner-Depresion-1.jpg 360w, https:\/\/procedimientosquirurgicos.com.co\/wp-content\/uploads\/2023\/04\/banner-Depresion-1-235x300.jpg 235w\" sizes=\"(max-width: 360px) 100vw, 360px\" \/>\t\t\t\t\t\t\t\t<\/a>\n\t\t\t\t\t\t\t\t\t\t\t\t\t\t\t<\/div>\n\t\t\t\t<\/div>\n\t\t\t\t<div class=\"elementor-element elementor-element-2ca9de1 elementor-widget elementor-widget-image\" data-id=\"2ca9de1\" data-element_type=\"widget\" data-widget_type=\"image.default\">\n\t\t\t\t<div class=\"elementor-widget-container\">\n\t\t\t\t\t\t\t\t\t\t\t\t\t\t\t\t<a href=\"https:\/\/procedimientosquirurgicos.com.co\/\/new-sitio\/neurocirugia-funcional\/alzheimer\/\">\n\t\t\t\t\t\t\t<img decoding=\"async\" width=\"460\" height=\"360\" src=\"https:\/\/procedimientosquirurgicos.com.co\/wp-content\/uploads\/2023\/04\/banner-Alzheimer-1.png\" class=\"attachment-large size-large wp-image-4490\" alt=\"\" srcset=\"https:\/\/procedimientosquirurgicos.com.co\/wp-content\/uploads\/2023\/04\/banner-Alzheimer-1.png 460w, https:\/\/procedimientosquirurgicos.com.co\/wp-content\/uploads\/2023\/04\/banner-Alzheimer-1-300x235.png 300w\" sizes=\"(max-width: 460px) 100vw, 460px\" \/>\t\t\t\t\t\t\t\t<\/a>\n\t\t\t\t\t\t\t\t\t\t\t\t\t\t\t<\/div>\n\t\t\t\t<\/div>\n\t\t\t\t<\/div>\n\t\t<div class=\"elementor-element elementor-element-1d11544 e-con-full e-flex e-con e-parent\" data-id=\"1d11544\" data-element_type=\"container\">\n\t\t\t\t<div class=\"elementor-element elementor-element-377d760 elementor-widget elementor-widget-image\" data-id=\"377d760\" data-element_type=\"widget\" data-widget_type=\"image.default\">\n\t\t\t\t<div class=\"elementor-widget-container\">\n\t\t\t\t\t\t\t\t\t\t\t\t\t\t\t<img decoding=\"async\" width=\"750\" height=\"300\" src=\"https:\/\/procedimientosquirurgicos.com.co\/wp-content\/uploads\/2023\/05\/acido-hialuronico-1.jpg\" class=\"attachment-large size-large wp-image-4557\" alt=\"\" srcset=\"https:\/\/procedimientosquirurgicos.com.co\/wp-content\/uploads\/2023\/05\/acido-hialuronico-1.jpg 750w, https:\/\/procedimientosquirurgicos.com.co\/wp-content\/uploads\/2023\/05\/acido-hialuronico-1-300x120.jpg 300w\" sizes=\"(max-width: 750px) 100vw, 750px\" \/>\t\t\t\t\t\t\t\t\t\t\t\t\t\t\t<\/div>\n\t\t\t\t<\/div>\n\t\t\t\t<div class=\"elementor-element elementor-element-3a5f0ab elementor-widget elementor-widget-text-editor\" data-id=\"3a5f0ab\" data-element_type=\"widget\" data-widget_type=\"text-editor.default\">\n\t\t\t\t<div class=\"elementor-widget-container\">\n\t\t\t\t\t\t\t\t\t<p>La <strong>craneotom\u00eda despierta<\/strong> es un procedimiento en el cual un paciente que tiene un tumor cerebral se lleva a cirug\u00eda, pero su anestesia no es general sino local para que al paciente no le duela mientras se realiza el procedimiento pero no este sedado del todo para poder que ayude a los especialistas a encontrar las partes importantes del cerebro.<\/p>\n\t\t\t\t\t\t\t\t<\/div>\n\t\t\t\t<\/div>\n\t\t\t\t<div class=\"elementor-element elementor-element-a4b4a94 elementor-widget-divider--view-line elementor-widget elementor-widget-divider\" data-id=\"a4b4a94\" data-element_type=\"widget\" data-widget_type=\"divider.default\">\n\t\t\t\t<div class=\"elementor-widget-container\">\n\t\t\t\t\t\t\t<div class=\"elementor-divider\">\n\t\t\t<span class=\"elementor-divider-separator\">\n\t\t\t\t\t\t<\/span>\n\t\t<\/div>\n\t\t\t\t\t\t<\/div>\n\t\t\t\t<\/div>\n\t\t\t\t<div class=\"elementor-element elementor-element-502d6cd elementor-widget elementor-widget-heading\" data-id=\"502d6cd\" data-element_type=\"widget\" data-widget_type=\"heading.default\">\n\t\t\t\t<div class=\"elementor-widget-container\">\n\t\t\t\t\t<h4 class=\"elementor-heading-title elementor-size-default\">\u00bfC\u00d3MO ES EL TRATAMIENTO?<\/h4>\t\t\t\t<\/div>\n\t\t\t\t<\/div>\n\t\t\t\t<div class=\"elementor-element elementor-element-1c77d48 elementor-widget elementor-widget-image\" data-id=\"1c77d48\" data-element_type=\"widget\" data-widget_type=\"image.default\">\n\t\t\t\t<div class=\"elementor-widget-container\">\n\t\t\t\t\t\t\t\t\t\t\t\t\t\t\t<img loading=\"lazy\" decoding=\"async\" width=\"750\" height=\"300\" src=\"https:\/\/procedimientosquirurgicos.com.co\/wp-content\/uploads\/2023\/05\/acido-hialuronico-2.jpg\" class=\"attachment-full size-full wp-image-4558\" alt=\"\" srcset=\"https:\/\/procedimientosquirurgicos.com.co\/wp-content\/uploads\/2023\/05\/acido-hialuronico-2.jpg 750w, https:\/\/procedimientosquirurgicos.com.co\/wp-content\/uploads\/2023\/05\/acido-hialuronico-2-300x120.jpg 300w\" sizes=\"(max-width: 750px) 100vw, 750px\" \/>\t\t\t\t\t\t\t\t\t\t\t\t\t\t\t<\/div>\n\t\t\t\t<\/div>\n\t\t\t\t<div class=\"elementor-element elementor-element-2fe2aac elementor-widget elementor-widget-text-editor\" data-id=\"2fe2aac\" data-element_type=\"widget\" data-widget_type=\"text-editor.default\">\n\t\t\t\t<div class=\"elementor-widget-container\">\n\t\t\t\t\t\t\t\t\t<p>Consiste en la aplicaci\u00f3n de un relleno de \u00e1cido hialur\u00f3nico en las arrugas o surcos a tratar, suaviz\u00e1ndolas inmediatamente, con un solo tratamiento lograr\u00e1 resultados naturales.<\/p>\n\t\t\t\t\t\t\t\t<\/div>\n\t\t\t\t<\/div>\n\t\t\t\t<div class=\"elementor-element elementor-element-dcc813d elementor-widget elementor-widget-heading\" data-id=\"dcc813d\" data-element_type=\"widget\" data-widget_type=\"heading.default\">\n\t\t\t\t<div class=\"elementor-widget-container\">\n\t\t\t\t\t<h4 class=\"elementor-heading-title elementor-size-default\">\u00bfD\u00d3NDE PUEDE APLICARSE?\n<\/h4>\t\t\t\t<\/div>\n\t\t\t\t<\/div>\n\t\t\t\t<div class=\"elementor-element elementor-element-95eaacc elementor-widget elementor-widget-image\" data-id=\"95eaacc\" data-element_type=\"widget\" data-widget_type=\"image.default\">\n\t\t\t\t<div class=\"elementor-widget-container\">\n\t\t\t\t\t\t\t\t\t\t\t\t\t\t\t<img loading=\"lazy\" decoding=\"async\" width=\"750\" height=\"300\" src=\"https:\/\/procedimientosquirurgicos.com.co\/wp-content\/uploads\/2023\/05\/acido-hialuronico-3.jpg\" class=\"attachment-full size-full wp-image-4559\" alt=\"\" srcset=\"https:\/\/procedimientosquirurgicos.com.co\/wp-content\/uploads\/2023\/05\/acido-hialuronico-3.jpg 750w, https:\/\/procedimientosquirurgicos.com.co\/wp-content\/uploads\/2023\/05\/acido-hialuronico-3-300x120.jpg 300w\" sizes=\"(max-width: 750px) 100vw, 750px\" \/>\t\t\t\t\t\t\t\t\t\t\t\t\t\t\t<\/div>\n\t\t\t\t<\/div>\n\t\t\t\t<div class=\"elementor-element elementor-element-a4be7fd elementor-widget elementor-widget-text-editor\" data-id=\"a4be7fd\" data-element_type=\"widget\" data-widget_type=\"text-editor.default\">\n\t\t\t\t<div class=\"elementor-widget-container\">\n\t\t\t\t\t\t\t\t\t<p>Cada uno de nosotros envejece de forma diferente, el \u00e1cido hialur\u00f3nico puede usarse de varias maneras para rejuvenecer m\u00faltiples \u00e1reas problem\u00e1ticas del rostro. Incluyendo:<\/p>\n<ul class=\"pq-list\">\n<li><strong>Surcos nasogenianos:<\/strong> este surco se origina desde la base de la nariz hasta las esquinas de la boca y es de lo m\u00e1s solicitados para el tratamiento.<\/li>\n<li><strong>L\u00edneas periorales:<\/strong> Son l\u00edneas finas ubicadas alrededor de la boca causadas por la contracci\u00f3n muscular, actividades como el fumar las empeoran.<\/li>\n<li><strong>L\u00edneas de marioneta:<\/strong> Se encuentran desde las esquinas de la boca hacia abajo y dan una apariencia de escurrimiento y envejecimiento.<\/li>\n<li><strong>Relleno y aumento de labios:<\/strong> el \u00e1cido hialur\u00f3nico es perfecto para aumentar el volumen de los labios y mejorar su definici\u00f3n.<\/li>\n<\/ul>\n<p>Surcos nasogenianos:<\/p>\n\t\t\t\t\t\t\t\t<\/div>\n\t\t\t\t<\/div>\n\t\t\t\t<div class=\"elementor-element elementor-element-bd60291 elementor-widget elementor-widget-heading\" data-id=\"bd60291\" data-element_type=\"widget\" data-widget_type=\"heading.default\">\n\t\t\t\t<div class=\"elementor-widget-container\">\n\t\t\t\t\t<h4 class=\"elementor-heading-title elementor-size-default\">\u00bfCU\u00c1NTO DURA EL EFECTO?<\/h4>\t\t\t\t<\/div>\n\t\t\t\t<\/div>\n\t\t\t\t<div class=\"elementor-element elementor-element-b722ae2 elementor-widget elementor-widget-image\" data-id=\"b722ae2\" data-element_type=\"widget\" data-widget_type=\"image.default\">\n\t\t\t\t<div class=\"elementor-widget-container\">\n\t\t\t\t\t\t\t\t\t\t\t\t\t\t\t<img loading=\"lazy\" decoding=\"async\" width=\"750\" height=\"300\" src=\"https:\/\/procedimientosquirurgicos.com.co\/wp-content\/uploads\/2023\/05\/acido-hialuronico-4.jpg\" class=\"attachment-full size-full wp-image-4560\" alt=\"\" srcset=\"https:\/\/procedimientosquirurgicos.com.co\/wp-content\/uploads\/2023\/05\/acido-hialuronico-4.jpg 750w, https:\/\/procedimientosquirurgicos.com.co\/wp-content\/uploads\/2023\/05\/acido-hialuronico-4-300x120.jpg 300w\" sizes=\"(max-width: 750px) 100vw, 750px\" \/>\t\t\t\t\t\t\t\t\t\t\t\t\t\t\t<\/div>\n\t\t\t\t<\/div>\n\t\t\t\t<div class=\"elementor-element elementor-element-2278074 elementor-widget elementor-widget-text-editor\" data-id=\"2278074\" data-element_type=\"widget\" data-widget_type=\"text-editor.default\">\n\t\t\t\t<div class=\"elementor-widget-container\">\n\t\t\t\t\t\t\t\t\t<p>Dependiendo de las caracter\u00edsticas de cada paciente el efecto puede durar entre 12 a 18 meses.<\/p>\n\t\t\t\t\t\t\t\t<\/div>\n\t\t\t\t<\/div>\n\t\t\t\t<div class=\"elementor-element elementor-element-ef5dd3b elementor-widget elementor-widget-shortcode\" data-id=\"ef5dd3b\" data-element_type=\"widget\" data-widget_type=\"shortcode.default\">\n\t\t\t\t<div class=\"elementor-widget-container\">\n\t\t\t\t\t\t\t<div class=\"elementor-shortcode\">\t\t<div data-elementor-type=\"section\" data-elementor-id=\"4525\" class=\"elementor elementor-4525\" data-elementor-post-type=\"elementor_library\">\n\t\t\t<div class=\"elementor-element elementor-element-d2207b3 e-con-full e-flex e-con e-parent\" data-id=\"d2207b3\" data-element_type=\"container\">\n\t\t\t\t<div class=\"elementor-element elementor-element-a8fded5 elementor-widget__width-auto elementor-widget elementor-widget-button\" data-id=\"a8fded5\" data-element_type=\"widget\" data-widget_type=\"button.default\">\n\t\t\t\t<div class=\"elementor-widget-container\">\n\t\t\t\t\t\t\t\t\t<div class=\"elementor-button-wrapper\">\n\t\t\t\t\t<a class=\"elementor-button elementor-button-link elementor-size-sm\" href=\"https:\/\/procedimientosquirurgicos.com.co\/contacto\/\">\n\t\t\t\t\t\t<span class=\"elementor-button-content-wrapper\">\n\t\t\t\t\t\t\t\t\t<span class=\"elementor-button-text\">SOLICITAR CITA<\/span>\n\t\t\t\t\t<\/span>\n\t\t\t\t\t<\/a>\n\t\t\t\t<\/div>\n\t\t\t\t\t\t\t\t<\/div>\n\t\t\t\t<\/div>\n\t\t\t\t<\/div>\n\t\t\t\t<\/div>\n\t\t<\/div>\n\t\t\t\t\t\t<\/div>\n\t\t\t\t<\/div>\n\t\t\t\t<\/div>\n\t\t\t\t\t<\/div>\n\t\t\t\t<\/div>\n\t\t\t\t<\/div>\n\t\t","protected":false},"excerpt":{"rendered":"<p>\u00c1CIDO HIALUR\u00d3NICO Tratamiento para dar suavidad, remover arrugas gruesas y surcos profundos, contornear y aumentar los labios La craneotom\u00eda despierta es un procedimiento en el cual un paciente que tiene un tumor cerebral se lleva a cirug\u00eda, pero su anestesia no es general sino local para que al paciente no le duela mientras se realiza [&hellip;]<\/p>\n","protected":false},"author":1,"featured_media":0,"parent":5393,"menu_order":0,"comment_status":"closed","ping_status":"closed","template":"","meta":{"site-sidebar-layout":"no-sidebar","site-content-layout":"page-builder","ast-site-content-layout":"","site-content-style":"default","site-sidebar-style":"default","ast-global-header-display":"","ast-banner-title-visibility":"","ast-main-header-display":"","ast-hfb-above-header-display":"","ast-hfb-below-header-display":"","ast-hfb-mobile-header-display":"","site-post-title":"disabled","ast-breadcrumbs-content":"","ast-featured-img":"disabled","footer-sml-layout":"","theme-transparent-header-meta":"default","adv-header-id-meta":"","stick-header-meta":"","header-above-stick-meta":"","header-main-stick-meta":"","header-below-stick-meta":"","astra-migrate-meta-layouts":"default","ast-page-background-enabled":"default","ast-page-background-meta":{"desktop":{"background-color":"var(--ast-global-color-4)","background-image":"","background-repeat":"repeat","background-position":"center center","background-size":"auto","background-attachment":"scroll","background-type":"","background-media":"","overlay-type":"","overlay-color":"","overlay-opacity":"","overlay-gradient":""},"tablet":{"background-color":"","background-image":"","background-repeat":"repeat","background-position":"center center","background-size":"auto","background-attachment":"scroll","background-type":"","background-media":"","overlay-type":"","overlay-color":"","overlay-opacity":"","overlay-gradient":""},"mobile":{"background-color":"","background-image":"","background-repeat":"repeat","background-position":"center center","background-size":"auto","background-attachment":"scroll","background-type":"","background-media":"","overlay-type":"","overlay-color":"","overlay-opacity":"","overlay-gradient":""}},"ast-content-background-meta":{"desktop":{"background-color":"var(--ast-global-color-5)","background-image":"","background-repeat":"repeat","background-position":"center center","background-size":"auto","background-attachment":"scroll","background-type":"","background-media":"","overlay-type":"","overlay-color":"","overlay-opacity":"","overlay-gradient":""},"tablet":{"background-color":"var(--ast-global-color-5)","background-image":"","background-repeat":"repeat","background-position":"center center","background-size":"auto","background-attachment":"scroll","background-type":"","background-media":"","overlay-type":"","overlay-color":"","overlay-opacity":"","overlay-gradient":""},"mobile":{"background-color":"var(--ast-global-color-5)","background-image":"","background-repeat":"repeat","background-position":"center center","background-size":"auto","background-attachment":"scroll","background-type":"","background-media":"","overlay-type":"","overlay-color":"","overlay-opacity":"","overlay-gradient":""}},"footnotes":""},"class_list":["post-5399","page","type-page","status-publish","hentry"],"meta_box":[],"_links":{"self":[{"href":"https:\/\/procedimientosquirurgicos.com.co\/en\/wp-json\/wp\/v2\/pages\/5399","targetHints":{"allow":["GET"]}}],"collection":[{"href":"https:\/\/procedimientosquirurgicos.com.co\/en\/wp-json\/wp\/v2\/pages"}],"about":[{"href":"https:\/\/procedimientosquirurgicos.com.co\/en\/wp-json\/wp\/v2\/types\/page"}],"author":[{"embeddable":true,"href":"https:\/\/procedimientosquirurgicos.com.co\/en\/wp-json\/wp\/v2\/users\/1"}],"replies":[{"embeddable":true,"href":"https:\/\/procedimientosquirurgicos.com.co\/en\/wp-json\/wp\/v2\/comments?post=5399"}],"version-history":[{"count":1,"href":"https:\/\/procedimientosquirurgicos.com.co\/en\/wp-json\/wp\/v2\/pages\/5399\/revisions"}],"predecessor-version":[{"id":5400,"href":"https:\/\/procedimientosquirurgicos.com.co\/en\/wp-json\/wp\/v2\/pages\/5399\/revisions\/5400"}],"up":[{"embeddable":true,"href":"https:\/\/procedimientosquirurgicos.com.co\/en\/wp-json\/wp\/v2\/pages\/5393"}],"wp:attachment":[{"href":"https:\/\/procedimientosquirurgicos.com.co\/en\/wp-json\/wp\/v2\/media?parent=5399"}],"curies":[{"name":"wp","href":"https:\/\/api.w.org\/{rel}","templated":true}]}}