{"id":5407,"date":"2023-05-02T16:22:30","date_gmt":"2023-05-02T16:22:30","guid":{"rendered":"https:\/\/procedimientosquirurgicos.com.co\/cirugia-plastica-y-estetica\/cervicoplastia\/"},"modified":"2023-05-23T16:54:45","modified_gmt":"2023-05-23T16:54:45","slug":"cervicoplastia","status":"publish","type":"page","link":"https:\/\/procedimientosquirurgicos.com.co\/en\/cirugia-plastica-y-estetica\/cervicoplastia\/","title":{"rendered":"Cervicoplastia"},"content":{"rendered":"\t\t<div data-elementor-type=\"wp-page\" data-elementor-id=\"5407\" class=\"elementor elementor-5407 elementor-4644\" data-elementor-post-type=\"page\">\n\t\t\t\t<div class=\"elementor-element elementor-element-9f83257 e-flex e-con-boxed e-con e-parent\" data-id=\"9f83257\" data-element_type=\"container\" data-settings=\"{&quot;background_background&quot;:&quot;classic&quot;}\">\n\t\t\t\t\t<div class=\"e-con-inner\">\n\t\t\t\t<div class=\"elementor-element elementor-element-cc8b4bf elementor-widget elementor-widget-heading\" data-id=\"cc8b4bf\" data-element_type=\"widget\" data-widget_type=\"heading.default\">\n\t\t\t\t<div class=\"elementor-widget-container\">\n\t\t\t\t\t<h1 class=\"elementor-heading-title elementor-size-default\">CERVICOPLASTIA<\/h1>\t\t\t\t<\/div>\n\t\t\t\t<\/div>\n\t\t\t\t<div class=\"elementor-element elementor-element-295d3cf elementor-widget elementor-widget-text-editor\" data-id=\"295d3cf\" data-element_type=\"widget\" data-widget_type=\"text-editor.default\">\n\t\t\t\t<div class=\"elementor-widget-container\">\n\t\t\t\t\t\t\t\t\t<p>Rejuvenicimiento del cuello &#8211; papada<\/p>\n\t\t\t\t\t\t\t\t<\/div>\n\t\t\t\t<\/div>\n\t\t\t\t\t<\/div>\n\t\t\t\t<\/div>\n\t\t<div class=\"elementor-element elementor-element-6b165f0 e-flex e-con-boxed e-con e-parent\" data-id=\"6b165f0\" data-element_type=\"container\">\n\t\t\t\t\t<div class=\"e-con-inner\">\n\t\t<div class=\"elementor-element elementor-element-fb961ea e-con-full e-flex e-con e-parent\" data-id=\"fb961ea\" data-element_type=\"container\">\n\t\t\t\t<div class=\"elementor-element elementor-element-54943f8 elementor-widget elementor-widget-shortcode\" data-id=\"54943f8\" data-element_type=\"widget\" data-widget_type=\"shortcode.default\">\n\t\t\t\t<div class=\"elementor-widget-container\">\n\t\t\t\t\t\t\t<div class=\"elementor-shortcode\">\t\t<div data-elementor-type=\"section\" data-elementor-id=\"4480\" class=\"elementor elementor-4480\" data-elementor-post-type=\"elementor_library\">\n\t\t\t<div class=\"elementor-element elementor-element-c51e470 e-flex e-con-boxed e-con e-parent\" data-id=\"c51e470\" data-element_type=\"container\">\n\t\t\t\t\t<div class=\"e-con-inner\">\n\t\t\t\t<div class=\"elementor-element elementor-element-1d5a603 elementor-widget elementor-widget-heading\" data-id=\"1d5a603\" data-element_type=\"widget\" data-widget_type=\"heading.default\">\n\t\t\t\t<div class=\"elementor-widget-container\">\n\t\t\t\t\t<h4 class=\"elementor-heading-title elementor-size-default\">CIRUG\u00cdA PL\u00c1STICA<\/h4>\t\t\t\t<\/div>\n\t\t\t\t<\/div>\n\t\t\t\t<div class=\"elementor-element elementor-element-3ec6d9c uael-nav-menu__align-justify uael-nav-menu__breakpoint-mobile uael-nav-menu-toggle-label-yes uael-nav-menu-label-align-left uael-submenu-icon-arrow uael-link-redirect-child elementor-widget elementor-widget-uael-nav-menu\" data-id=\"3ec6d9c\" data-element_type=\"widget\" data-widget_type=\"uael-nav-menu.default\">\n\t\t\t\t<div class=\"elementor-widget-container\">\n\t\t\t\t\t\t\t<div class=\"uael-nav-menu uael-layout-vertical uael-nav-menu-layout\" data-layout=\"vertical\">\n\t\t\t\t<div role=\"button\" class=\"uael-nav-menu__toggle elementor-clickable\">\n\t\t\t\t\t<span class=\"screen-reader-text\">Main Menu<\/span>\n\t\t\t\t\t<div class=\"uael-nav-menu-icon\">\n\t\t\t\t\t\t<i aria-hidden=\"true\" class=\"fas fa-stream\"><\/i>\t\t\t\t\t<\/div>\n\t\t\t\t\t\t\t\t\t\t\t<span class=\"uael-nav-menu-label\">Men\u00fa cirug\u00eda pl\u00e1stica<\/span>\n\t\t\t\t\t\t\t\t\t<\/div>\n\t\t\t\t\t\t\t<nav class=\"uael-nav-menu__layout-vertical uael-nav-menu__submenu-arrow\" data-toggle-icon=\"&lt;i aria-hidden=&quot;true&quot; class=&quot;fas fa-stream&quot;&gt;&lt;\/i&gt;\" data-close-icon=\"&lt;i aria-hidden=&quot;true&quot; class=&quot;far fa-window-close&quot;&gt;&lt;\/i&gt;\" data-full-width=\"yes\"><ul id=\"menu-1-3ec6d9c\" class=\"uael-nav-menu\"><li id=\"menu-item-4487\" class=\"menu-item menu-item-type-post_type menu-item-object-page parent uael-creative-menu\"><a href=\"https:\/\/procedimientosquirurgicos.com.co\/cirugia-plastica-y-estetica\/abdominoplastia\/\" class=\"uael-menu-item\">Abdominoplastia<\/a><\/li>\n<li id=\"menu-item-4564\" class=\"menu-item menu-item-type-post_type menu-item-object-page parent uael-creative-menu\"><a href=\"https:\/\/procedimientosquirurgicos.com.co\/cirugia-plastica-y-estetica\/acido-hialuronico\/\" class=\"uael-menu-item\">\u00c1cido Hialur\u00f3nico<\/a><\/li>\n<li id=\"menu-item-4582\" class=\"menu-item menu-item-type-post_type menu-item-object-page parent uael-creative-menu\"><a href=\"https:\/\/procedimientosquirurgicos.com.co\/cirugia-plastica-y-estetica\/aumento-de-gluteos\/\" class=\"uael-menu-item\">Aumento de Gl\u00fateos<\/a><\/li>\n<li id=\"menu-item-4608\" class=\"menu-item menu-item-type-post_type menu-item-object-page parent uael-creative-menu\"><a href=\"https:\/\/procedimientosquirurgicos.com.co\/cirugia-plastica-y-estetica\/blefaroplastia\/\" class=\"uael-menu-item\">Blefaroplastia<\/a><\/li>\n<li id=\"menu-item-4621\" class=\"menu-item menu-item-type-post_type menu-item-object-page parent uael-creative-menu\"><a href=\"https:\/\/procedimientosquirurgicos.com.co\/cirugia-plastica-y-estetica\/braquioplastia\/\" class=\"uael-menu-item\">Braquioplastia<\/a><\/li>\n<li id=\"menu-item-4663\" class=\"menu-item menu-item-type-post_type menu-item-object-page parent uael-creative-menu\"><a href=\"https:\/\/procedimientosquirurgicos.com.co\/cirugia-plastica-y-estetica\/cervicoplastia\/\" class=\"uael-menu-item\">Cervicoplastia<\/a><\/li>\n<li id=\"menu-item-4684\" class=\"menu-item menu-item-type-post_type menu-item-object-page parent uael-creative-menu\"><a href=\"https:\/\/procedimientosquirurgicos.com.co\/cirugia-plastica-y-estetica\/contorno-facial\/\" class=\"uael-menu-item\">Contorno Facial<\/a><\/li>\n<li id=\"menu-item-4683\" class=\"menu-item menu-item-type-post_type menu-item-object-page parent uael-creative-menu\"><a href=\"https:\/\/procedimientosquirurgicos.com.co\/cirugia-plastica-y-estetica\/correccion-de-ginecomastia\/\" class=\"uael-menu-item\">Correcci\u00f3n de Ginecomastia<\/a><\/li>\n<li id=\"menu-item-4703\" class=\"menu-item menu-item-type-post_type menu-item-object-page parent uael-creative-menu\"><a href=\"https:\/\/procedimientosquirurgicos.com.co\/cirugia-plastica-y-estetica\/frontoplastia\/\" class=\"uael-menu-item\">Frontoplastia<\/a><\/li>\n<li id=\"menu-item-4724\" class=\"menu-item menu-item-type-post_type menu-item-object-page parent uael-creative-menu\"><a href=\"https:\/\/procedimientosquirurgicos.com.co\/cirugia-plastica-y-estetica\/levantamiento-de-senos\/\" class=\"uael-menu-item\">Levantamiento de Senos<\/a><\/li>\n<li id=\"menu-item-4747\" class=\"menu-item menu-item-type-post_type menu-item-object-page parent uael-creative-menu\"><a href=\"https:\/\/procedimientosquirurgicos.com.co\/cirugia-plastica-y-estetica\/liposuccion-lipoescultura\/\" class=\"uael-menu-item\">Liposucci\u00f3n \u2013 Lipoescultura<\/a><\/li>\n<li id=\"menu-item-4777\" class=\"menu-item menu-item-type-post_type menu-item-object-page parent uael-creative-menu\"><a href=\"https:\/\/procedimientosquirurgicos.com.co\/cirugia-plastica-y-estetica\/liposuccion-masculina\/\" class=\"uael-menu-item\">Liposucci\u00f3n Masculina<\/a><\/li>\n<li id=\"menu-item-4795\" class=\"menu-item menu-item-type-post_type menu-item-object-page parent uael-creative-menu\"><a href=\"https:\/\/procedimientosquirurgicos.com.co\/cirugia-plastica-y-estetica\/mamoplastia-de-aumento\/\" class=\"uael-menu-item\">Mamoplastia de Aumento<\/a><\/li>\n<li id=\"menu-item-4840\" class=\"menu-item menu-item-type-post_type menu-item-object-page parent uael-creative-menu\"><a href=\"https:\/\/procedimientosquirurgicos.com.co\/cirugia-plastica-y-estetica\/mamoplastia-de-reduccion\/\" class=\"uael-menu-item\">Mamoplastia de Reducci\u00f3n<\/a><\/li>\n<li id=\"menu-item-4872\" class=\"menu-item menu-item-type-post_type menu-item-object-page parent uael-creative-menu\"><a href=\"https:\/\/procedimientosquirurgicos.com.co\/cirugia-plastica-y-estetica\/otoplastia\/\" class=\"uael-menu-item\">Otoplastia<\/a><\/li>\n<li id=\"menu-item-4877\" class=\"menu-item menu-item-type-post_type menu-item-object-page parent uael-creative-menu\"><a href=\"https:\/\/procedimientosquirurgicos.com.co\/cirugia-plastica-y-estetica\/reduccion-de-muslos\/\" class=\"uael-menu-item\">Reducci\u00f3n de Muslos<\/a><\/li>\n<li id=\"menu-item-4896\" class=\"menu-item menu-item-type-post_type menu-item-object-page parent uael-creative-menu\"><a href=\"https:\/\/procedimientosquirurgicos.com.co\/cirugia-plastica-y-estetica\/revitalizacion-cutanea\/\" class=\"uael-menu-item\">Revitalizaci\u00f3n Cut\u00e1nea<\/a><\/li>\n<li id=\"menu-item-4917\" class=\"menu-item menu-item-type-post_type menu-item-object-page parent uael-creative-menu\"><a href=\"https:\/\/procedimientosquirurgicos.com.co\/cirugia-plastica-y-estetica\/rinoplastia\/\" class=\"uael-menu-item\">Rinoplastia<\/a><\/li>\n<li id=\"menu-item-4943\" class=\"menu-item menu-item-type-post_type menu-item-object-page parent uael-creative-menu\"><a href=\"https:\/\/procedimientosquirurgicos.com.co\/cirugia-plastica-y-estetica\/ritidoplastia\/\" class=\"uael-menu-item\">Ritidoplastia<\/a><\/li>\n<li id=\"menu-item-4959\" class=\"menu-item menu-item-type-post_type menu-item-object-page parent uael-creative-menu\"><a href=\"https:\/\/procedimientosquirurgicos.com.co\/cirugia-plastica-y-estetica\/toxina-botulinica\/\" class=\"uael-menu-item\">Toxina Botul\u00ednica<\/a><\/li>\n<\/ul><\/nav>\n\t\t\t\t\t<\/div>\n\t\t\t\t\t\t\t<\/div>\n\t\t\t\t<\/div>\n\t\t\t\t\t<\/div>\n\t\t\t\t<\/div>\n\t\t\t\t<\/div>\n\t\t<\/div>\n\t\t\t\t\t\t<\/div>\n\t\t\t\t<\/div>\n\t\t\t\t<div class=\"elementor-element elementor-element-b98b802 elementor-widget elementor-widget-image\" data-id=\"b98b802\" data-element_type=\"widget\" data-widget_type=\"image.default\">\n\t\t\t\t<div class=\"elementor-widget-container\">\n\t\t\t\t\t\t\t\t\t\t\t\t\t\t\t\t<a href=\"https:\/\/procedimientosquirurgicos.com.co\/neurocirugia-funcional\/depresion\/\">\n\t\t\t\t\t\t\t<img fetchpriority=\"high\" decoding=\"async\" width=\"360\" height=\"460\" src=\"https:\/\/procedimientosquirurgicos.com.co\/wp-content\/uploads\/2023\/04\/banner-Depresion-1.jpg\" class=\"attachment-large size-large wp-image-4491\" alt=\"\" srcset=\"https:\/\/procedimientosquirurgicos.com.co\/wp-content\/uploads\/2023\/04\/banner-Depresion-1.jpg 360w, https:\/\/procedimientosquirurgicos.com.co\/wp-content\/uploads\/2023\/04\/banner-Depresion-1-235x300.jpg 235w\" sizes=\"(max-width: 360px) 100vw, 360px\" \/>\t\t\t\t\t\t\t\t<\/a>\n\t\t\t\t\t\t\t\t\t\t\t\t\t\t\t<\/div>\n\t\t\t\t<\/div>\n\t\t\t\t<div class=\"elementor-element elementor-element-9ba438e elementor-widget elementor-widget-image\" data-id=\"9ba438e\" data-element_type=\"widget\" data-widget_type=\"image.default\">\n\t\t\t\t<div class=\"elementor-widget-container\">\n\t\t\t\t\t\t\t\t\t\t\t\t\t\t\t\t<a href=\"https:\/\/procedimientosquirurgicos.com.co\/agresividad\/\">\n\t\t\t\t\t\t\t<img decoding=\"async\" width=\"460\" height=\"360\" src=\"https:\/\/procedimientosquirurgicos.com.co\/wp-content\/uploads\/2023\/04\/banner-Agresividad-1.jpg\" class=\"attachment-large size-large wp-image-4489\" alt=\"\" srcset=\"https:\/\/procedimientosquirurgicos.com.co\/wp-content\/uploads\/2023\/04\/banner-Agresividad-1.jpg 460w, https:\/\/procedimientosquirurgicos.com.co\/wp-content\/uploads\/2023\/04\/banner-Agresividad-1-300x235.jpg 300w\" sizes=\"(max-width: 460px) 100vw, 460px\" \/>\t\t\t\t\t\t\t\t<\/a>\n\t\t\t\t\t\t\t\t\t\t\t\t\t\t\t<\/div>\n\t\t\t\t<\/div>\n\t\t\t\t<\/div>\n\t\t<div class=\"elementor-element elementor-element-c3a9d5c e-con-full e-flex e-con e-parent\" data-id=\"c3a9d5c\" data-element_type=\"container\">\n\t\t\t\t<div class=\"elementor-element elementor-element-6bf6306 elementor-widget elementor-widget-image\" data-id=\"6bf6306\" data-element_type=\"widget\" data-widget_type=\"image.default\">\n\t\t\t\t<div class=\"elementor-widget-container\">\n\t\t\t\t\t\t\t\t\t\t\t\t\t\t\t<img decoding=\"async\" width=\"750\" height=\"300\" src=\"https:\/\/procedimientosquirurgicos.com.co\/wp-content\/uploads\/2023\/05\/cervicoplastia-1.jpg\" class=\"attachment-large size-large wp-image-4651\" alt=\"\" srcset=\"https:\/\/procedimientosquirurgicos.com.co\/wp-content\/uploads\/2023\/05\/cervicoplastia-1.jpg 750w, https:\/\/procedimientosquirurgicos.com.co\/wp-content\/uploads\/2023\/05\/cervicoplastia-1-300x120.jpg 300w\" sizes=\"(max-width: 750px) 100vw, 750px\" \/>\t\t\t\t\t\t\t\t\t\t\t\t\t\t\t<\/div>\n\t\t\t\t<\/div>\n\t\t\t\t<div class=\"elementor-element elementor-element-fbed9ea elementor-widget elementor-widget-text-editor\" data-id=\"fbed9ea\" data-element_type=\"widget\" data-widget_type=\"text-editor.default\">\n\t\t\t\t<div class=\"elementor-widget-container\">\n\t\t\t\t\t\t\t\t\t<p>La <strong>cervicoplastia<\/strong> busca mejorar la apariencia del cuello mediante el manejo de los dep\u00f3sitos grasos localizados en dicho nivel (papada) o la reacomodaci\u00f3n de piel sobrante seg\u00fan el caso. Puede realizarse en conjunto con el procedimiento de rejuvenecimiento facial (ritidoplastia) o de manera aislada, dependiente de las necesidades del paciente.<\/p>\n\t\t\t\t\t\t\t\t<\/div>\n\t\t\t\t<\/div>\n\t\t\t\t<div class=\"elementor-element elementor-element-544a378 elementor-widget-divider--view-line elementor-widget elementor-widget-divider\" data-id=\"544a378\" data-element_type=\"widget\" data-widget_type=\"divider.default\">\n\t\t\t\t<div class=\"elementor-widget-container\">\n\t\t\t\t\t\t\t<div class=\"elementor-divider\">\n\t\t\t<span class=\"elementor-divider-separator\">\n\t\t\t\t\t\t<\/span>\n\t\t<\/div>\n\t\t\t\t\t\t<\/div>\n\t\t\t\t<\/div>\n\t\t\t\t<div class=\"elementor-element elementor-element-a0397c1 elementor-widget elementor-widget-heading\" data-id=\"a0397c1\" data-element_type=\"widget\" data-widget_type=\"heading.default\">\n\t\t\t\t<div class=\"elementor-widget-container\">\n\t\t\t\t\t<h4 class=\"elementor-heading-title elementor-size-default\">\u00bfQU\u00c9 SE PUEDE HACER CON LA CERVICOPLASTIA?<\/h4>\t\t\t\t<\/div>\n\t\t\t\t<\/div>\n\t\t\t\t<div class=\"elementor-element elementor-element-f1142c0 elementor-widget elementor-widget-image\" data-id=\"f1142c0\" data-element_type=\"widget\" data-widget_type=\"image.default\">\n\t\t\t\t<div class=\"elementor-widget-container\">\n\t\t\t\t\t\t\t\t\t\t\t\t\t\t\t<img loading=\"lazy\" decoding=\"async\" width=\"750\" height=\"300\" src=\"https:\/\/procedimientosquirurgicos.com.co\/wp-content\/uploads\/2023\/05\/cervicoplastia-2.jpg\" class=\"attachment-full size-full wp-image-4652\" alt=\"\" srcset=\"https:\/\/procedimientosquirurgicos.com.co\/wp-content\/uploads\/2023\/05\/cervicoplastia-2.jpg 750w, https:\/\/procedimientosquirurgicos.com.co\/wp-content\/uploads\/2023\/05\/cervicoplastia-2-300x120.jpg 300w\" sizes=\"(max-width: 750px) 100vw, 750px\" \/>\t\t\t\t\t\t\t\t\t\t\t\t\t\t\t<\/div>\n\t\t\t\t<\/div>\n\t\t\t\t<div class=\"elementor-element elementor-element-92214d8 elementor-widget elementor-widget-text-editor\" data-id=\"92214d8\" data-element_type=\"widget\" data-widget_type=\"text-editor.default\">\n\t\t\t\t<div class=\"elementor-widget-container\">\n\t\t\t\t\t\t\t\t\t<ul class=\"pq-list\">\n<li>Remover los dep\u00f3sitos de grasa localizados (papada).<\/li>\n<li>Remover o reposicionar la piel sobrante o colgante a nivel de cuello.<\/li>\n<li>Atenuar las bandas musculares que pueden formarse a nivel de cuello.<\/li>\n<\/ul>\n\t\t\t\t\t\t\t\t<\/div>\n\t\t\t\t<\/div>\n\t\t\t\t<div class=\"elementor-element elementor-element-a6069d8 elementor-widget elementor-widget-heading\" data-id=\"a6069d8\" data-element_type=\"widget\" data-widget_type=\"heading.default\">\n\t\t\t\t<div class=\"elementor-widget-container\">\n\t\t\t\t\t<h4 class=\"elementor-heading-title elementor-size-default\">\u00bfSOY CANDIDATO A UNA CERVICOPLASTIA?<\/h4>\t\t\t\t<\/div>\n\t\t\t\t<\/div>\n\t\t\t\t<div class=\"elementor-element elementor-element-5acf3f1 elementor-widget elementor-widget-text-editor\" data-id=\"5acf3f1\" data-element_type=\"widget\" data-widget_type=\"text-editor.default\">\n\t\t\t\t<div class=\"elementor-widget-container\">\n\t\t\t\t\t\t\t\t\t<p>Si le preocupa el aspecto de su cuello, debido a que tiene un exceso de grasa acumulada en dicha zona (papada) o por la presencia de piel colgante, sobrante o por la presencia de bandas inest\u00e9ticas, la cervicoplastia es una alternativa \u00fatil para usted.<\/p>\n\t\t\t\t\t\t\t\t<\/div>\n\t\t\t\t<\/div>\n\t\t\t\t<div class=\"elementor-element elementor-element-2fd7de0 elementor-widget elementor-widget-heading\" data-id=\"2fd7de0\" data-element_type=\"widget\" data-widget_type=\"heading.default\">\n\t\t\t\t<div class=\"elementor-widget-container\">\n\t\t\t\t\t<h4 class=\"elementor-heading-title elementor-size-default\">LA CIRUG\u00cdA<\/h4>\t\t\t\t<\/div>\n\t\t\t\t<\/div>\n\t\t\t\t<div class=\"elementor-element elementor-element-2bcfb8b elementor-widget elementor-widget-text-editor\" data-id=\"2bcfb8b\" data-element_type=\"widget\" data-widget_type=\"text-editor.default\">\n\t\t\t\t<div class=\"elementor-widget-container\">\n\t\t\t\t\t\t\t\t\t<p>Puede realizarse bajo anestesia local con sedaci\u00f3n o anestesia general seg\u00fan el contexto en el que se realice la cirug\u00eda y las preferencias del paciente, inicialmente se lleva a cabo una liposucci\u00f3n del cuello a trav\u00e9s de una peque\u00f1a incisi\u00f3n debajo del ment\u00f3n para manejar el exceso de grasa en dicha zona, posteriormente a trav\u00e9s de esta misma incisi\u00f3n se realiza el manejo de los tejido m\u00e1s profundos reposicion\u00e1ndolos en su lugar. En ocasiones en las cuales el exceso de piel es muy grande, se requiere realizar una incisi\u00f3n en el surco delante de la oreja similar al de un rejuvenecimiento convencional.<\/p>\n\t\t\t\t\t\t\t\t<\/div>\n\t\t\t\t<\/div>\n\t\t\t\t<div class=\"elementor-element elementor-element-1d11843 elementor-widget elementor-widget-heading\" data-id=\"1d11843\" data-element_type=\"widget\" data-widget_type=\"heading.default\">\n\t\t\t\t<div class=\"elementor-widget-container\">\n\t\t\t\t\t<h4 class=\"elementor-heading-title elementor-size-default\">PREGUNTAS FRECUENTES<\/h4>\t\t\t\t<\/div>\n\t\t\t\t<\/div>\n\t\t\t\t<div class=\"elementor-element elementor-element-248b7d2 elementor-widget elementor-widget-text-editor\" data-id=\"248b7d2\" data-element_type=\"widget\" data-widget_type=\"text-editor.default\">\n\t\t\t\t<div class=\"elementor-widget-container\">\n\t\t\t\t\t\t\t\t\t<ul class=\"pq-list\">\n<li><strong>Dolor:<\/strong> El dolor posterior al procedimiento es f\u00e1cilmente manejado con los medicamentos formulados.<\/li>\n<li><strong>Inflamaci\u00f3n:<\/strong> La inflamaci\u00f3n posterior a la cirug\u00eda disminuye a partir de los 5 d\u00edas de manera progresiva hasta el tercer o cuarto mes.<\/li>\n<li><strong>Retiro de puntos:<\/strong> Entre los 5 y los 12 d\u00edas a criterio del cirujano.<\/li>\n<li><strong>Retorno a las actividades:<\/strong> Luego de 7 d\u00edas la paciente puede volver a sus actividades cotidianas de manera progresiva.<\/li>\n<li><strong>Ejercicio:<\/strong> Esperar 4 semanas para realizar ejercicio f\u00edsico.<\/li>\n<\/ul>\n\t\t\t\t\t\t\t\t<\/div>\n\t\t\t\t<\/div>\n\t\t\t\t<div class=\"elementor-element elementor-element-1dbdeb2 elementor-widget elementor-widget-heading\" data-id=\"1dbdeb2\" data-element_type=\"widget\" data-widget_type=\"heading.default\">\n\t\t\t\t<div class=\"elementor-widget-container\">\n\t\t\t\t\t<h4 class=\"elementor-heading-title elementor-size-default\">RESULTADOS<\/h4>\t\t\t\t<\/div>\n\t\t\t\t<\/div>\n\t\t\t\t<div class=\"elementor-element elementor-element-5606a8f elementor-widget elementor-widget-image\" data-id=\"5606a8f\" data-element_type=\"widget\" data-widget_type=\"image.default\">\n\t\t\t\t<div class=\"elementor-widget-container\">\n\t\t\t\t\t\t\t\t\t\t\t\t\t\t\t<img loading=\"lazy\" decoding=\"async\" width=\"750\" height=\"300\" src=\"https:\/\/procedimientosquirurgicos.com.co\/wp-content\/uploads\/2023\/05\/cervicoplastia-3.jpg\" class=\"attachment-full size-full wp-image-4653\" alt=\"\" srcset=\"https:\/\/procedimientosquirurgicos.com.co\/wp-content\/uploads\/2023\/05\/cervicoplastia-3.jpg 750w, https:\/\/procedimientosquirurgicos.com.co\/wp-content\/uploads\/2023\/05\/cervicoplastia-3-300x120.jpg 300w\" sizes=\"(max-width: 750px) 100vw, 750px\" \/>\t\t\t\t\t\t\t\t\t\t\t\t\t\t\t<\/div>\n\t\t\t\t<\/div>\n\t\t\t\t<div class=\"elementor-element elementor-element-96f4235 elementor-widget elementor-widget-text-editor\" data-id=\"96f4235\" data-element_type=\"widget\" data-widget_type=\"text-editor.default\">\n\t\t\t\t<div class=\"elementor-widget-container\">\n\t\t\t\t\t\t\t\t\t<p>El objetivo de la cirug\u00eda es que luzca un cuello rejuvenecido, esbelto y delgado, la adecuada definici\u00f3n de la l\u00ednea de la mand\u00edbula es un signo de juventud. Al ceder la inflamaci\u00f3n usted notar\u00e1 su cuello cada vez mejor, alcanzando resultados definitivos despu\u00e9s del sexto mes de la intervenci\u00f3n.<\/p>\n\t\t\t\t\t\t\t\t<\/div>\n\t\t\t\t<\/div>\n\t\t\t\t<div class=\"elementor-element elementor-element-5fd6cc4 elementor-widget elementor-widget-shortcode\" data-id=\"5fd6cc4\" data-element_type=\"widget\" data-widget_type=\"shortcode.default\">\n\t\t\t\t<div class=\"elementor-widget-container\">\n\t\t\t\t\t\t\t<div class=\"elementor-shortcode\">\t\t<div data-elementor-type=\"section\" data-elementor-id=\"4525\" class=\"elementor elementor-4525\" data-elementor-post-type=\"elementor_library\">\n\t\t\t<div class=\"elementor-element elementor-element-d2207b3 e-con-full e-flex e-con e-parent\" data-id=\"d2207b3\" data-element_type=\"container\">\n\t\t\t\t<div class=\"elementor-element elementor-element-a8fded5 elementor-widget__width-auto elementor-widget elementor-widget-button\" data-id=\"a8fded5\" data-element_type=\"widget\" data-widget_type=\"button.default\">\n\t\t\t\t<div class=\"elementor-widget-container\">\n\t\t\t\t\t\t\t\t\t<div class=\"elementor-button-wrapper\">\n\t\t\t\t\t<a class=\"elementor-button elementor-button-link elementor-size-sm\" href=\"https:\/\/procedimientosquirurgicos.com.co\/contacto\/\">\n\t\t\t\t\t\t<span class=\"elementor-button-content-wrapper\">\n\t\t\t\t\t\t\t\t\t<span class=\"elementor-button-text\">SOLICITAR CITA<\/span>\n\t\t\t\t\t<\/span>\n\t\t\t\t\t<\/a>\n\t\t\t\t<\/div>\n\t\t\t\t\t\t\t\t<\/div>\n\t\t\t\t<\/div>\n\t\t\t\t<\/div>\n\t\t\t\t<\/div>\n\t\t<\/div>\n\t\t\t\t\t\t<\/div>\n\t\t\t\t<\/div>\n\t\t\t\t<\/div>\n\t\t\t\t\t<\/div>\n\t\t\t\t<\/div>\n\t\t\t\t<\/div>\n\t\t","protected":false},"excerpt":{"rendered":"<p>CERVICOPLASTIA Rejuvenicimiento del cuello &#8211; papada La cervicoplastia busca mejorar la apariencia del cuello mediante el manejo de los dep\u00f3sitos grasos localizados en dicho nivel (papada) o la reacomodaci\u00f3n de piel sobrante seg\u00fan el caso. Puede realizarse en conjunto con el procedimiento de rejuvenecimiento facial (ritidoplastia) o de manera aislada, dependiente de las necesidades del [&hellip;]<\/p>\n","protected":false},"author":1,"featured_media":0,"parent":5393,"menu_order":0,"comment_status":"closed","ping_status":"closed","template":"","meta":{"site-sidebar-layout":"no-sidebar","site-content-layout":"page-builder","ast-site-content-layout":"","site-content-style":"default","site-sidebar-style":"default","ast-global-header-display":"","ast-banner-title-visibility":"","ast-main-header-display":"","ast-hfb-above-header-display":"","ast-hfb-below-header-display":"","ast-hfb-mobile-header-display":"","site-post-title":"disabled","ast-breadcrumbs-content":"","ast-featured-img":"disabled","footer-sml-layout":"","theme-transparent-header-meta":"default","adv-header-id-meta":"","stick-header-meta":"","header-above-stick-meta":"","header-main-stick-meta":"","header-below-stick-meta":"","astra-migrate-meta-layouts":"default","ast-page-background-enabled":"default","ast-page-background-meta":{"desktop":{"background-color":"var(--ast-global-color-4)","background-image":"","background-repeat":"repeat","background-position":"center center","background-size":"auto","background-attachment":"scroll","background-type":"","background-media":"","overlay-type":"","overlay-color":"","overlay-opacity":"","overlay-gradient":""},"tablet":{"background-color":"","background-image":"","background-repeat":"repeat","background-position":"center center","background-size":"auto","background-attachment":"scroll","background-type":"","background-media":"","overlay-type":"","overlay-color":"","overlay-opacity":"","overlay-gradient":""},"mobile":{"background-color":"","background-image":"","background-repeat":"repeat","background-position":"center center","background-size":"auto","background-attachment":"scroll","background-type":"","background-media":"","overlay-type":"","overlay-color":"","overlay-opacity":"","overlay-gradient":""}},"ast-content-background-meta":{"desktop":{"background-color":"var(--ast-global-color-5)","background-image":"","background-repeat":"repeat","background-position":"center center","background-size":"auto","background-attachment":"scroll","background-type":"","background-media":"","overlay-type":"","overlay-color":"","overlay-opacity":"","overlay-gradient":""},"tablet":{"background-color":"var(--ast-global-color-5)","background-image":"","background-repeat":"repeat","background-position":"center center","background-size":"auto","background-attachment":"scroll","background-type":"","background-media":"","overlay-type":"","overlay-color":"","overlay-opacity":"","overlay-gradient":""},"mobile":{"background-color":"var(--ast-global-color-5)","background-image":"","background-repeat":"repeat","background-position":"center center","background-size":"auto","background-attachment":"scroll","background-type":"","background-media":"","overlay-type":"","overlay-color":"","overlay-opacity":"","overlay-gradient":""}},"footnotes":""},"class_list":["post-5407","page","type-page","status-publish","hentry"],"meta_box":[],"_links":{"self":[{"href":"https:\/\/procedimientosquirurgicos.com.co\/en\/wp-json\/wp\/v2\/pages\/5407","targetHints":{"allow":["GET"]}}],"collection":[{"href":"https:\/\/procedimientosquirurgicos.com.co\/en\/wp-json\/wp\/v2\/pages"}],"about":[{"href":"https:\/\/procedimientosquirurgicos.com.co\/en\/wp-json\/wp\/v2\/types\/page"}],"author":[{"embeddable":true,"href":"https:\/\/procedimientosquirurgicos.com.co\/en\/wp-json\/wp\/v2\/users\/1"}],"replies":[{"embeddable":true,"href":"https:\/\/procedimientosquirurgicos.com.co\/en\/wp-json\/wp\/v2\/comments?post=5407"}],"version-history":[{"count":1,"href":"https:\/\/procedimientosquirurgicos.com.co\/en\/wp-json\/wp\/v2\/pages\/5407\/revisions"}],"predecessor-version":[{"id":5408,"href":"https:\/\/procedimientosquirurgicos.com.co\/en\/wp-json\/wp\/v2\/pages\/5407\/revisions\/5408"}],"up":[{"embeddable":true,"href":"https:\/\/procedimientosquirurgicos.com.co\/en\/wp-json\/wp\/v2\/pages\/5393"}],"wp:attachment":[{"href":"https:\/\/procedimientosquirurgicos.com.co\/en\/wp-json\/wp\/v2\/media?parent=5407"}],"curies":[{"name":"wp","href":"https:\/\/api.w.org\/{rel}","templated":true}]}}