{"id":5409,"date":"2023-05-02T17:24:42","date_gmt":"2023-05-02T17:24:42","guid":{"rendered":"https:\/\/procedimientosquirurgicos.com.co\/cirugia-plastica-y-estetica\/contorno-facial\/"},"modified":"2023-05-23T16:55:12","modified_gmt":"2023-05-23T16:55:12","slug":"contorno-facial","status":"publish","type":"page","link":"https:\/\/procedimientosquirurgicos.com.co\/en\/cirugia-plastica-y-estetica\/contorno-facial\/","title":{"rendered":"Contorno Facial"},"content":{"rendered":"\t\t<div data-elementor-type=\"wp-page\" data-elementor-id=\"5409\" class=\"elementor elementor-5409 elementor-4664\" data-elementor-post-type=\"page\">\n\t\t\t\t<div class=\"elementor-element elementor-element-8629ae6 e-flex e-con-boxed e-con e-parent\" data-id=\"8629ae6\" data-element_type=\"container\" data-settings=\"{&quot;background_background&quot;:&quot;classic&quot;}\">\n\t\t\t\t\t<div class=\"e-con-inner\">\n\t\t\t\t<div class=\"elementor-element elementor-element-357e33d elementor-widget elementor-widget-heading\" data-id=\"357e33d\" data-element_type=\"widget\" data-widget_type=\"heading.default\">\n\t\t\t\t<div class=\"elementor-widget-container\">\n\t\t\t\t\t<h1 class=\"elementor-heading-title elementor-size-default\">CONTORNO FACIAL<\/h1>\t\t\t\t<\/div>\n\t\t\t\t<\/div>\n\t\t\t\t<div class=\"elementor-element elementor-element-abbc443 elementor-widget elementor-widget-text-editor\" data-id=\"abbc443\" data-element_type=\"widget\" data-widget_type=\"text-editor.default\">\n\t\t\t\t<div class=\"elementor-widget-container\">\n\t\t\t\t\t\t\t\t\t<p>Aumento de mejilla y ment\u00f3n, mentoplastia<\/p>\n\t\t\t\t\t\t\t\t<\/div>\n\t\t\t\t<\/div>\n\t\t\t\t\t<\/div>\n\t\t\t\t<\/div>\n\t\t<div class=\"elementor-element elementor-element-7886668 e-flex e-con-boxed e-con e-parent\" data-id=\"7886668\" data-element_type=\"container\">\n\t\t\t\t\t<div class=\"e-con-inner\">\n\t\t<div class=\"elementor-element elementor-element-525db17 e-con-full e-flex e-con e-parent\" data-id=\"525db17\" data-element_type=\"container\">\n\t\t\t\t<div class=\"elementor-element elementor-element-59c38ae elementor-widget elementor-widget-shortcode\" data-id=\"59c38ae\" data-element_type=\"widget\" data-widget_type=\"shortcode.default\">\n\t\t\t\t<div class=\"elementor-widget-container\">\n\t\t\t\t\t\t\t<div class=\"elementor-shortcode\">\t\t<div data-elementor-type=\"section\" data-elementor-id=\"4480\" class=\"elementor elementor-4480\" data-elementor-post-type=\"elementor_library\">\n\t\t\t<div class=\"elementor-element elementor-element-c51e470 e-flex e-con-boxed e-con e-parent\" data-id=\"c51e470\" data-element_type=\"container\">\n\t\t\t\t\t<div class=\"e-con-inner\">\n\t\t\t\t<div class=\"elementor-element elementor-element-1d5a603 elementor-widget elementor-widget-heading\" data-id=\"1d5a603\" data-element_type=\"widget\" data-widget_type=\"heading.default\">\n\t\t\t\t<div class=\"elementor-widget-container\">\n\t\t\t\t\t<h4 class=\"elementor-heading-title elementor-size-default\">CIRUG\u00cdA PL\u00c1STICA<\/h4>\t\t\t\t<\/div>\n\t\t\t\t<\/div>\n\t\t\t\t<div class=\"elementor-element elementor-element-3ec6d9c uael-nav-menu__align-justify uael-nav-menu__breakpoint-mobile uael-nav-menu-toggle-label-yes uael-nav-menu-label-align-left uael-submenu-icon-arrow uael-link-redirect-child elementor-widget elementor-widget-uael-nav-menu\" data-id=\"3ec6d9c\" data-element_type=\"widget\" data-widget_type=\"uael-nav-menu.default\">\n\t\t\t\t<div class=\"elementor-widget-container\">\n\t\t\t\t\t\t\t<div class=\"uael-nav-menu uael-layout-vertical uael-nav-menu-layout\" data-layout=\"vertical\">\n\t\t\t\t<div role=\"button\" class=\"uael-nav-menu__toggle elementor-clickable\">\n\t\t\t\t\t<span class=\"screen-reader-text\">Main Menu<\/span>\n\t\t\t\t\t<div class=\"uael-nav-menu-icon\">\n\t\t\t\t\t\t<i aria-hidden=\"true\" class=\"fas fa-stream\"><\/i>\t\t\t\t\t<\/div>\n\t\t\t\t\t\t\t\t\t\t\t<span class=\"uael-nav-menu-label\">Men\u00fa cirug\u00eda pl\u00e1stica<\/span>\n\t\t\t\t\t\t\t\t\t<\/div>\n\t\t\t\t\t\t\t<nav class=\"uael-nav-menu__layout-vertical uael-nav-menu__submenu-arrow\" data-toggle-icon=\"&lt;i aria-hidden=&quot;true&quot; class=&quot;fas fa-stream&quot;&gt;&lt;\/i&gt;\" data-close-icon=\"&lt;i aria-hidden=&quot;true&quot; class=&quot;far fa-window-close&quot;&gt;&lt;\/i&gt;\" data-full-width=\"yes\"><ul id=\"menu-1-3ec6d9c\" class=\"uael-nav-menu\"><li id=\"menu-item-4487\" class=\"menu-item menu-item-type-post_type menu-item-object-page parent uael-creative-menu\"><a href=\"https:\/\/procedimientosquirurgicos.com.co\/cirugia-plastica-y-estetica\/abdominoplastia\/\" class=\"uael-menu-item\">Abdominoplastia<\/a><\/li>\n<li id=\"menu-item-4564\" class=\"menu-item menu-item-type-post_type menu-item-object-page parent uael-creative-menu\"><a href=\"https:\/\/procedimientosquirurgicos.com.co\/cirugia-plastica-y-estetica\/acido-hialuronico\/\" class=\"uael-menu-item\">\u00c1cido Hialur\u00f3nico<\/a><\/li>\n<li id=\"menu-item-4582\" class=\"menu-item menu-item-type-post_type menu-item-object-page parent uael-creative-menu\"><a href=\"https:\/\/procedimientosquirurgicos.com.co\/cirugia-plastica-y-estetica\/aumento-de-gluteos\/\" class=\"uael-menu-item\">Aumento de Gl\u00fateos<\/a><\/li>\n<li id=\"menu-item-4608\" class=\"menu-item menu-item-type-post_type menu-item-object-page parent uael-creative-menu\"><a href=\"https:\/\/procedimientosquirurgicos.com.co\/cirugia-plastica-y-estetica\/blefaroplastia\/\" class=\"uael-menu-item\">Blefaroplastia<\/a><\/li>\n<li id=\"menu-item-4621\" class=\"menu-item menu-item-type-post_type menu-item-object-page parent uael-creative-menu\"><a href=\"https:\/\/procedimientosquirurgicos.com.co\/cirugia-plastica-y-estetica\/braquioplastia\/\" class=\"uael-menu-item\">Braquioplastia<\/a><\/li>\n<li id=\"menu-item-4663\" class=\"menu-item menu-item-type-post_type menu-item-object-page parent uael-creative-menu\"><a href=\"https:\/\/procedimientosquirurgicos.com.co\/cirugia-plastica-y-estetica\/cervicoplastia\/\" class=\"uael-menu-item\">Cervicoplastia<\/a><\/li>\n<li id=\"menu-item-4684\" class=\"menu-item menu-item-type-post_type menu-item-object-page parent uael-creative-menu\"><a href=\"https:\/\/procedimientosquirurgicos.com.co\/cirugia-plastica-y-estetica\/contorno-facial\/\" class=\"uael-menu-item\">Contorno Facial<\/a><\/li>\n<li id=\"menu-item-4683\" class=\"menu-item menu-item-type-post_type menu-item-object-page parent uael-creative-menu\"><a href=\"https:\/\/procedimientosquirurgicos.com.co\/cirugia-plastica-y-estetica\/correccion-de-ginecomastia\/\" class=\"uael-menu-item\">Correcci\u00f3n de Ginecomastia<\/a><\/li>\n<li id=\"menu-item-4703\" class=\"menu-item menu-item-type-post_type menu-item-object-page parent uael-creative-menu\"><a href=\"https:\/\/procedimientosquirurgicos.com.co\/cirugia-plastica-y-estetica\/frontoplastia\/\" class=\"uael-menu-item\">Frontoplastia<\/a><\/li>\n<li id=\"menu-item-4724\" class=\"menu-item menu-item-type-post_type menu-item-object-page parent uael-creative-menu\"><a href=\"https:\/\/procedimientosquirurgicos.com.co\/cirugia-plastica-y-estetica\/levantamiento-de-senos\/\" class=\"uael-menu-item\">Levantamiento de Senos<\/a><\/li>\n<li id=\"menu-item-4747\" class=\"menu-item menu-item-type-post_type menu-item-object-page parent uael-creative-menu\"><a href=\"https:\/\/procedimientosquirurgicos.com.co\/cirugia-plastica-y-estetica\/liposuccion-lipoescultura\/\" class=\"uael-menu-item\">Liposucci\u00f3n \u2013 Lipoescultura<\/a><\/li>\n<li id=\"menu-item-4777\" class=\"menu-item menu-item-type-post_type menu-item-object-page parent uael-creative-menu\"><a href=\"https:\/\/procedimientosquirurgicos.com.co\/cirugia-plastica-y-estetica\/liposuccion-masculina\/\" class=\"uael-menu-item\">Liposucci\u00f3n Masculina<\/a><\/li>\n<li id=\"menu-item-4795\" class=\"menu-item menu-item-type-post_type menu-item-object-page parent uael-creative-menu\"><a href=\"https:\/\/procedimientosquirurgicos.com.co\/cirugia-plastica-y-estetica\/mamoplastia-de-aumento\/\" class=\"uael-menu-item\">Mamoplastia de Aumento<\/a><\/li>\n<li id=\"menu-item-4840\" class=\"menu-item menu-item-type-post_type menu-item-object-page parent uael-creative-menu\"><a href=\"https:\/\/procedimientosquirurgicos.com.co\/cirugia-plastica-y-estetica\/mamoplastia-de-reduccion\/\" class=\"uael-menu-item\">Mamoplastia de Reducci\u00f3n<\/a><\/li>\n<li id=\"menu-item-4872\" class=\"menu-item menu-item-type-post_type menu-item-object-page parent uael-creative-menu\"><a href=\"https:\/\/procedimientosquirurgicos.com.co\/cirugia-plastica-y-estetica\/otoplastia\/\" class=\"uael-menu-item\">Otoplastia<\/a><\/li>\n<li id=\"menu-item-4877\" class=\"menu-item menu-item-type-post_type menu-item-object-page parent uael-creative-menu\"><a href=\"https:\/\/procedimientosquirurgicos.com.co\/cirugia-plastica-y-estetica\/reduccion-de-muslos\/\" class=\"uael-menu-item\">Reducci\u00f3n de Muslos<\/a><\/li>\n<li id=\"menu-item-4896\" class=\"menu-item menu-item-type-post_type menu-item-object-page parent uael-creative-menu\"><a href=\"https:\/\/procedimientosquirurgicos.com.co\/cirugia-plastica-y-estetica\/revitalizacion-cutanea\/\" class=\"uael-menu-item\">Revitalizaci\u00f3n Cut\u00e1nea<\/a><\/li>\n<li id=\"menu-item-4917\" class=\"menu-item menu-item-type-post_type menu-item-object-page parent uael-creative-menu\"><a href=\"https:\/\/procedimientosquirurgicos.com.co\/cirugia-plastica-y-estetica\/rinoplastia\/\" class=\"uael-menu-item\">Rinoplastia<\/a><\/li>\n<li id=\"menu-item-4943\" class=\"menu-item menu-item-type-post_type menu-item-object-page parent uael-creative-menu\"><a href=\"https:\/\/procedimientosquirurgicos.com.co\/cirugia-plastica-y-estetica\/ritidoplastia\/\" class=\"uael-menu-item\">Ritidoplastia<\/a><\/li>\n<li id=\"menu-item-4959\" class=\"menu-item menu-item-type-post_type menu-item-object-page parent uael-creative-menu\"><a href=\"https:\/\/procedimientosquirurgicos.com.co\/cirugia-plastica-y-estetica\/toxina-botulinica\/\" class=\"uael-menu-item\">Toxina Botul\u00ednica<\/a><\/li>\n<\/ul><\/nav>\n\t\t\t\t\t<\/div>\n\t\t\t\t\t\t\t<\/div>\n\t\t\t\t<\/div>\n\t\t\t\t\t<\/div>\n\t\t\t\t<\/div>\n\t\t\t\t<\/div>\n\t\t<\/div>\n\t\t\t\t\t\t<\/div>\n\t\t\t\t<\/div>\n\t\t\t\t<div class=\"elementor-element elementor-element-327eee7 elementor-widget elementor-widget-image\" data-id=\"327eee7\" data-element_type=\"widget\" data-widget_type=\"image.default\">\n\t\t\t\t<div class=\"elementor-widget-container\">\n\t\t\t\t\t\t\t\t\t\t\t\t\t\t\t\t<a href=\"https:\/\/procedimientosquirurgicos.com.co\/neurocirugia-funcional\/parkinson\/\">\n\t\t\t\t\t\t\t<img fetchpriority=\"high\" decoding=\"async\" width=\"360\" height=\"460\" src=\"https:\/\/procedimientosquirurgicos.com.co\/wp-content\/uploads\/2023\/04\/banner-Parkinson-1.png\" class=\"attachment-large size-large wp-image-4493\" alt=\"\" srcset=\"https:\/\/procedimientosquirurgicos.com.co\/wp-content\/uploads\/2023\/04\/banner-Parkinson-1.png 360w, https:\/\/procedimientosquirurgicos.com.co\/wp-content\/uploads\/2023\/04\/banner-Parkinson-1-235x300.png 235w\" sizes=\"(max-width: 360px) 100vw, 360px\" \/>\t\t\t\t\t\t\t\t<\/a>\n\t\t\t\t\t\t\t\t\t\t\t\t\t\t\t<\/div>\n\t\t\t\t<\/div>\n\t\t\t\t<div class=\"elementor-element elementor-element-fb78c52 elementor-widget elementor-widget-image\" data-id=\"fb78c52\" data-element_type=\"widget\" data-widget_type=\"image.default\">\n\t\t\t\t<div class=\"elementor-widget-container\">\n\t\t\t\t\t\t\t\t\t\t\t\t\t\t\t\t<a href=\"https:\/\/procedimientosquirurgicos.com.co\/\/new-sitio\/neurocirugia-funcional\/alzheimer\/\">\n\t\t\t\t\t\t\t<img decoding=\"async\" width=\"460\" height=\"360\" src=\"https:\/\/procedimientosquirurgicos.com.co\/wp-content\/uploads\/2023\/04\/banner-Alzheimer-1.png\" class=\"attachment-large size-large wp-image-4490\" alt=\"\" srcset=\"https:\/\/procedimientosquirurgicos.com.co\/wp-content\/uploads\/2023\/04\/banner-Alzheimer-1.png 460w, https:\/\/procedimientosquirurgicos.com.co\/wp-content\/uploads\/2023\/04\/banner-Alzheimer-1-300x235.png 300w\" sizes=\"(max-width: 460px) 100vw, 460px\" \/>\t\t\t\t\t\t\t\t<\/a>\n\t\t\t\t\t\t\t\t\t\t\t\t\t\t\t<\/div>\n\t\t\t\t<\/div>\n\t\t\t\t<\/div>\n\t\t<div class=\"elementor-element elementor-element-b31568f e-con-full e-flex e-con e-parent\" data-id=\"b31568f\" data-element_type=\"container\">\n\t\t\t\t<div class=\"elementor-element elementor-element-6b8ee44 elementor-widget elementor-widget-image\" data-id=\"6b8ee44\" data-element_type=\"widget\" data-widget_type=\"image.default\">\n\t\t\t\t<div class=\"elementor-widget-container\">\n\t\t\t\t\t\t\t\t\t\t\t\t\t\t\t<img decoding=\"async\" width=\"750\" height=\"300\" src=\"https:\/\/procedimientosquirurgicos.com.co\/wp-content\/uploads\/2023\/05\/contorno-facial-1.jpg\" class=\"attachment-large size-large wp-image-4667\" alt=\"\" srcset=\"https:\/\/procedimientosquirurgicos.com.co\/wp-content\/uploads\/2023\/05\/contorno-facial-1.jpg 750w, https:\/\/procedimientosquirurgicos.com.co\/wp-content\/uploads\/2023\/05\/contorno-facial-1-300x120.jpg 300w\" sizes=\"(max-width: 750px) 100vw, 750px\" \/>\t\t\t\t\t\t\t\t\t\t\t\t\t\t\t<\/div>\n\t\t\t\t<\/div>\n\t\t\t\t<div class=\"elementor-element elementor-element-390a4fc elementor-widget elementor-widget-text-editor\" data-id=\"390a4fc\" data-element_type=\"widget\" data-widget_type=\"text-editor.default\">\n\t\t\t\t<div class=\"elementor-widget-container\">\n\t\t\t\t\t\t\t\t\t<p>La cirug\u00eda de contorno facial, aumento de mejilla y mentoplastia o cirug\u00eda de ment\u00f3n se realiza para mejorar el balance de su perfil facial. El aumento de ment\u00f3n con implantes es el procedimiento de elecci\u00f3n para la mayor\u00eda de los pacientes, tambi\u00e9n puede realizarse una incisi\u00f3n en el hueso para movilizarlo y dar m\u00e1s proyecci\u00f3n.<\/p>\n\t\t\t\t\t\t\t\t<\/div>\n\t\t\t\t<\/div>\n\t\t\t\t<div class=\"elementor-element elementor-element-81d6fba elementor-widget-divider--view-line elementor-widget elementor-widget-divider\" data-id=\"81d6fba\" data-element_type=\"widget\" data-widget_type=\"divider.default\">\n\t\t\t\t<div class=\"elementor-widget-container\">\n\t\t\t\t\t\t\t<div class=\"elementor-divider\">\n\t\t\t<span class=\"elementor-divider-separator\">\n\t\t\t\t\t\t<\/span>\n\t\t<\/div>\n\t\t\t\t\t\t<\/div>\n\t\t\t\t<\/div>\n\t\t\t\t<div class=\"elementor-element elementor-element-437c2bf elementor-widget elementor-widget-heading\" data-id=\"437c2bf\" data-element_type=\"widget\" data-widget_type=\"heading.default\">\n\t\t\t\t<div class=\"elementor-widget-container\">\n\t\t\t\t\t<h4 class=\"elementor-heading-title elementor-size-default\">\u00bfQU\u00c9 SE PUEDE LOGRAR CON UNA CIRUG\u00cdA DE CONTORNO FACIAL?<\/h4>\t\t\t\t<\/div>\n\t\t\t\t<\/div>\n\t\t\t\t<div class=\"elementor-element elementor-element-31236ea elementor-widget elementor-widget-text-editor\" data-id=\"31236ea\" data-element_type=\"widget\" data-widget_type=\"text-editor.default\">\n\t\t\t\t<div class=\"elementor-widget-container\">\n\t\t\t\t\t\t\t\t\t<ul class=\"pq-list\">\n<li>Puede crearse una mejilla y ment\u00f3n mejor proyectado o mejorar la longitud de su rostro.<\/li>\n<li>Mejorar el tama\u00f1o del ment\u00f3n respecto a su rostro.<\/li>\n<li>En las mujeres, mejorar el \u00e1ngulo del cuello dando un aspecto m\u00e1s juvenil.<\/li>\n<li>En los hombres, un ment\u00f3n m\u00e1s proyectado, sin\u00f3nimo de virilidad.<\/li>\n<\/ul>\n\t\t\t\t\t\t\t\t<\/div>\n\t\t\t\t<\/div>\n\t\t\t\t<div class=\"elementor-element elementor-element-430ae4a elementor-widget elementor-widget-heading\" data-id=\"430ae4a\" data-element_type=\"widget\" data-widget_type=\"heading.default\">\n\t\t\t\t<div class=\"elementor-widget-container\">\n\t\t\t\t\t<h4 class=\"elementor-heading-title elementor-size-default\">\u00bfSOY UN BUEN CANDIDATO PARA LA CIRUG\u00cdA DE AUMENTO DE MEJILLA O MENT\u00d3N (MENTOPLASTIA)?\n<\/h4>\t\t\t\t<\/div>\n\t\t\t\t<\/div>\n\t\t\t\t<div class=\"elementor-element elementor-element-daa59d0 elementor-widget elementor-widget-text-editor\" data-id=\"daa59d0\" data-element_type=\"widget\" data-widget_type=\"text-editor.default\">\n\t\t\t\t<div class=\"elementor-widget-container\">\n\t\t\t\t\t\t\t\t\t<p>Si usted encuentra que su mejilla y ment\u00f3n es poco proyectado, lo que hace ver su cuello m\u00e1s corto de lo normal y posee una funci\u00f3n adecuada de su mand\u00edbula, el aumento de ment\u00f3n con implantes puede ser una opci\u00f3n para usted.<\/p>\n\t\t\t\t\t\t\t\t<\/div>\n\t\t\t\t<\/div>\n\t\t\t\t<div class=\"elementor-element elementor-element-7f4d557 elementor-widget elementor-widget-heading\" data-id=\"7f4d557\" data-element_type=\"widget\" data-widget_type=\"heading.default\">\n\t\t\t\t<div class=\"elementor-widget-container\">\n\t\t\t\t\t<h4 class=\"elementor-heading-title elementor-size-default\">LA CIRUG\u00cdA<\/h4>\t\t\t\t<\/div>\n\t\t\t\t<\/div>\n\t\t\t\t<div class=\"elementor-element elementor-element-f7a68d9 elementor-widget elementor-widget-text-editor\" data-id=\"f7a68d9\" data-element_type=\"widget\" data-widget_type=\"text-editor.default\">\n\t\t\t\t<div class=\"elementor-widget-container\">\n\t\t\t\t\t\t\t\t\t<p>Puede realizarse con anestesia local con sedaci\u00f3n o con anestesia general seg\u00fan las condiciones del paciente y la decisi\u00f3n del cirujano. Se realiza una incisi\u00f3n dentro de la boca, bajo la enc\u00eda superior o inferior y se disecan los tejidos dise\u00f1ando un bolsillo que acomodar\u00e1 posteriormente el implante directamente sobre el hueso.<\/p>\n\t\t\t\t\t\t\t\t<\/div>\n\t\t\t\t<\/div>\n\t\t\t\t<div class=\"elementor-element elementor-element-626d82c elementor-widget elementor-widget-heading\" data-id=\"626d82c\" data-element_type=\"widget\" data-widget_type=\"heading.default\">\n\t\t\t\t<div class=\"elementor-widget-container\">\n\t\t\t\t\t<h4 class=\"elementor-heading-title elementor-size-default\">RECUPERACI\u00d3N<\/h4>\t\t\t\t<\/div>\n\t\t\t\t<\/div>\n\t\t\t\t<div class=\"elementor-element elementor-element-0476f30 elementor-widget elementor-widget-text-editor\" data-id=\"0476f30\" data-element_type=\"widget\" data-widget_type=\"text-editor.default\">\n\t\t\t\t<div class=\"elementor-widget-container\">\n\t\t\t\t\t\t\t\t\t<p>El mismo d\u00eda de la cirug\u00eda el paciente retorna a su casa, se colocan unos vendajes especiales temporales en la piel para ayudar a mantener el implante en posici\u00f3n durante el proceso postoperatorio. Puede sentir un ligero adormecimiento en la mejilla o el labio inferior de car\u00e1cter temporal. Debe seguir una dieta l\u00edquida o blanda por los primeros d\u00edas y debe mantener una adecuada higiene bucal.<\/p>\n\t\t\t\t\t\t\t\t<\/div>\n\t\t\t\t<\/div>\n\t\t\t\t<div class=\"elementor-element elementor-element-6265edb elementor-widget elementor-widget-heading\" data-id=\"6265edb\" data-element_type=\"widget\" data-widget_type=\"heading.default\">\n\t\t\t\t<div class=\"elementor-widget-container\">\n\t\t\t\t\t<h4 class=\"elementor-heading-title elementor-size-default\">PREGUNTAS FRECUENTES<\/h4>\t\t\t\t<\/div>\n\t\t\t\t<\/div>\n\t\t\t\t<div class=\"elementor-element elementor-element-025c97c elementor-widget elementor-widget-text-editor\" data-id=\"025c97c\" data-element_type=\"widget\" data-widget_type=\"text-editor.default\">\n\t\t\t\t<div class=\"elementor-widget-container\">\n\t\t\t\t\t\t\t\t\t<ul class=\"pq-list\">\n<li><strong>Dolor:<\/strong> El dolor posterior al procedimiento es f\u00e1cilmente manejado con los medicamentos formulados.<\/li>\n<li><strong>Inflamaci\u00f3n:<\/strong> La inflamaci\u00f3n posterior a cirug\u00eda disminuye a partir de los 5 d\u00edas de manera progresiva hasta el segundo o tercer mes.<\/li>\n<li><strong>Retorno a las actividades:<\/strong> Luego de 3 d\u00edas la paciente puede volver a sus actividades cotidianas de manera progresiva.<\/li>\n<li><strong>Ejercicio:<\/strong> Esperar 4 semanas para realizar ejercicio f\u00edsico intenso.<\/li>\n<\/ul>\n\t\t\t\t\t\t\t\t<\/div>\n\t\t\t\t<\/div>\n\t\t\t\t<div class=\"elementor-element elementor-element-d031bab elementor-widget elementor-widget-heading\" data-id=\"d031bab\" data-element_type=\"widget\" data-widget_type=\"heading.default\">\n\t\t\t\t<div class=\"elementor-widget-container\">\n\t\t\t\t\t<h4 class=\"elementor-heading-title elementor-size-default\">RESULTADOS<\/h4>\t\t\t\t<\/div>\n\t\t\t\t<\/div>\n\t\t\t\t<div class=\"elementor-element elementor-element-7c2db6a elementor-widget elementor-widget-image\" data-id=\"7c2db6a\" data-element_type=\"widget\" data-widget_type=\"image.default\">\n\t\t\t\t<div class=\"elementor-widget-container\">\n\t\t\t\t\t\t\t\t\t\t\t\t\t\t\t<img loading=\"lazy\" decoding=\"async\" width=\"750\" height=\"300\" src=\"https:\/\/procedimientosquirurgicos.com.co\/wp-content\/uploads\/2023\/05\/contorno-facial-2.jpg\" class=\"attachment-large size-large wp-image-4668\" alt=\"\" srcset=\"https:\/\/procedimientosquirurgicos.com.co\/wp-content\/uploads\/2023\/05\/contorno-facial-2.jpg 750w, https:\/\/procedimientosquirurgicos.com.co\/wp-content\/uploads\/2023\/05\/contorno-facial-2-300x120.jpg 300w\" sizes=\"(max-width: 750px) 100vw, 750px\" \/>\t\t\t\t\t\t\t\t\t\t\t\t\t\t\t<\/div>\n\t\t\t\t<\/div>\n\t\t\t\t<div class=\"elementor-element elementor-element-4434871 elementor-widget elementor-widget-text-editor\" data-id=\"4434871\" data-element_type=\"widget\" data-widget_type=\"text-editor.default\">\n\t\t\t\t<div class=\"elementor-widget-container\">\n\t\t\t\t\t\t\t\t\t<p>Son visibles inmediatamente despu\u00e9s de la cirug\u00eda, el resultado definitivo se alcanza luego de 3 a 6 meses, tiempo en el que la mayor parte de la inflamaci\u00f3n ha cedido y usted puede disfrutar de su nuevo aspecto, despu\u00e9s de la cirug\u00eda usted tendr\u00e1 un perfil m\u00e1s balanceado y un contorno facial m\u00e1s agradable.<\/p>\n\t\t\t\t\t\t\t\t<\/div>\n\t\t\t\t<\/div>\n\t\t\t\t<div class=\"elementor-element elementor-element-a75cbe2 elementor-widget elementor-widget-shortcode\" data-id=\"a75cbe2\" data-element_type=\"widget\" data-widget_type=\"shortcode.default\">\n\t\t\t\t<div class=\"elementor-widget-container\">\n\t\t\t\t\t\t\t<div class=\"elementor-shortcode\">\t\t<div data-elementor-type=\"section\" data-elementor-id=\"4525\" class=\"elementor elementor-4525\" data-elementor-post-type=\"elementor_library\">\n\t\t\t<div class=\"elementor-element elementor-element-d2207b3 e-con-full e-flex e-con e-parent\" data-id=\"d2207b3\" data-element_type=\"container\">\n\t\t\t\t<div class=\"elementor-element elementor-element-a8fded5 elementor-widget__width-auto elementor-widget elementor-widget-button\" data-id=\"a8fded5\" data-element_type=\"widget\" data-widget_type=\"button.default\">\n\t\t\t\t<div class=\"elementor-widget-container\">\n\t\t\t\t\t\t\t\t\t<div class=\"elementor-button-wrapper\">\n\t\t\t\t\t<a class=\"elementor-button elementor-button-link elementor-size-sm\" href=\"https:\/\/procedimientosquirurgicos.com.co\/contacto\/\">\n\t\t\t\t\t\t<span class=\"elementor-button-content-wrapper\">\n\t\t\t\t\t\t\t\t\t<span class=\"elementor-button-text\">SOLICITAR CITA<\/span>\n\t\t\t\t\t<\/span>\n\t\t\t\t\t<\/a>\n\t\t\t\t<\/div>\n\t\t\t\t\t\t\t\t<\/div>\n\t\t\t\t<\/div>\n\t\t\t\t<\/div>\n\t\t\t\t<\/div>\n\t\t<\/div>\n\t\t\t\t\t\t<\/div>\n\t\t\t\t<\/div>\n\t\t\t\t<\/div>\n\t\t\t\t\t<\/div>\n\t\t\t\t<\/div>\n\t\t\t\t<\/div>\n\t\t","protected":false},"excerpt":{"rendered":"<p>CONTORNO FACIAL Aumento de mejilla y ment\u00f3n, mentoplastia La cirug\u00eda de contorno facial, aumento de mejilla y mentoplastia o cirug\u00eda de ment\u00f3n se realiza para mejorar el balance de su perfil facial. El aumento de ment\u00f3n con implantes es el procedimiento de elecci\u00f3n para la mayor\u00eda de los pacientes, tambi\u00e9n puede realizarse una incisi\u00f3n en [&hellip;]<\/p>\n","protected":false},"author":1,"featured_media":0,"parent":5393,"menu_order":0,"comment_status":"closed","ping_status":"closed","template":"","meta":{"site-sidebar-layout":"no-sidebar","site-content-layout":"page-builder","ast-site-content-layout":"","site-content-style":"default","site-sidebar-style":"default","ast-global-header-display":"","ast-banner-title-visibility":"","ast-main-header-display":"","ast-hfb-above-header-display":"","ast-hfb-below-header-display":"","ast-hfb-mobile-header-display":"","site-post-title":"disabled","ast-breadcrumbs-content":"","ast-featured-img":"disabled","footer-sml-layout":"","theme-transparent-header-meta":"default","adv-header-id-meta":"","stick-header-meta":"","header-above-stick-meta":"","header-main-stick-meta":"","header-below-stick-meta":"","astra-migrate-meta-layouts":"default","ast-page-background-enabled":"default","ast-page-background-meta":{"desktop":{"background-color":"var(--ast-global-color-4)","background-image":"","background-repeat":"repeat","background-position":"center center","background-size":"auto","background-attachment":"scroll","background-type":"","background-media":"","overlay-type":"","overlay-color":"","overlay-opacity":"","overlay-gradient":""},"tablet":{"background-color":"","background-image":"","background-repeat":"repeat","background-position":"center center","background-size":"auto","background-attachment":"scroll","background-type":"","background-media":"","overlay-type":"","overlay-color":"","overlay-opacity":"","overlay-gradient":""},"mobile":{"background-color":"","background-image":"","background-repeat":"repeat","background-position":"center center","background-size":"auto","background-attachment":"scroll","background-type":"","background-media":"","overlay-type":"","overlay-color":"","overlay-opacity":"","overlay-gradient":""}},"ast-content-background-meta":{"desktop":{"background-color":"var(--ast-global-color-5)","background-image":"","background-repeat":"repeat","background-position":"center center","background-size":"auto","background-attachment":"scroll","background-type":"","background-media":"","overlay-type":"","overlay-color":"","overlay-opacity":"","overlay-gradient":""},"tablet":{"background-color":"var(--ast-global-color-5)","background-image":"","background-repeat":"repeat","background-position":"center center","background-size":"auto","background-attachment":"scroll","background-type":"","background-media":"","overlay-type":"","overlay-color":"","overlay-opacity":"","overlay-gradient":""},"mobile":{"background-color":"var(--ast-global-color-5)","background-image":"","background-repeat":"repeat","background-position":"center center","background-size":"auto","background-attachment":"scroll","background-type":"","background-media":"","overlay-type":"","overlay-color":"","overlay-opacity":"","overlay-gradient":""}},"footnotes":""},"class_list":["post-5409","page","type-page","status-publish","hentry"],"meta_box":[],"_links":{"self":[{"href":"https:\/\/procedimientosquirurgicos.com.co\/en\/wp-json\/wp\/v2\/pages\/5409","targetHints":{"allow":["GET"]}}],"collection":[{"href":"https:\/\/procedimientosquirurgicos.com.co\/en\/wp-json\/wp\/v2\/pages"}],"about":[{"href":"https:\/\/procedimientosquirurgicos.com.co\/en\/wp-json\/wp\/v2\/types\/page"}],"author":[{"embeddable":true,"href":"https:\/\/procedimientosquirurgicos.com.co\/en\/wp-json\/wp\/v2\/users\/1"}],"replies":[{"embeddable":true,"href":"https:\/\/procedimientosquirurgicos.com.co\/en\/wp-json\/wp\/v2\/comments?post=5409"}],"version-history":[{"count":1,"href":"https:\/\/procedimientosquirurgicos.com.co\/en\/wp-json\/wp\/v2\/pages\/5409\/revisions"}],"predecessor-version":[{"id":5410,"href":"https:\/\/procedimientosquirurgicos.com.co\/en\/wp-json\/wp\/v2\/pages\/5409\/revisions\/5410"}],"up":[{"embeddable":true,"href":"https:\/\/procedimientosquirurgicos.com.co\/en\/wp-json\/wp\/v2\/pages\/5393"}],"wp:attachment":[{"href":"https:\/\/procedimientosquirurgicos.com.co\/en\/wp-json\/wp\/v2\/media?parent=5409"}],"curies":[{"name":"wp","href":"https:\/\/api.w.org\/{rel}","templated":true}]}}