{"id":5417,"date":"2023-05-02T20:44:38","date_gmt":"2023-05-02T20:44:38","guid":{"rendered":"https:\/\/procedimientosquirurgicos.com.co\/cirugia-plastica-y-estetica\/levantamiento-de-senos\/"},"modified":"2023-05-23T17:25:44","modified_gmt":"2023-05-23T17:25:44","slug":"levantamiento-de-senos","status":"publish","type":"page","link":"https:\/\/procedimientosquirurgicos.com.co\/en\/cirugia-plastica-y-estetica\/levantamiento-de-senos\/","title":{"rendered":"Levantamiento de Senos"},"content":{"rendered":"\t\t<div data-elementor-type=\"wp-page\" data-elementor-id=\"5417\" class=\"elementor elementor-5417 elementor-4718\" data-elementor-post-type=\"page\">\n\t\t\t\t<div class=\"elementor-element elementor-element-f9982ce e-flex e-con-boxed e-con e-parent\" data-id=\"f9982ce\" data-element_type=\"container\" data-settings=\"{&quot;background_background&quot;:&quot;classic&quot;}\">\n\t\t\t\t\t<div class=\"e-con-inner\">\n\t\t\t\t<div class=\"elementor-element elementor-element-aec3474 elementor-widget elementor-widget-heading\" data-id=\"aec3474\" data-element_type=\"widget\" data-widget_type=\"heading.default\">\n\t\t\t\t<div class=\"elementor-widget-container\">\n\t\t\t\t\t<h1 class=\"elementor-heading-title elementor-size-default\">Levantamiento de Senos<\/h1>\t\t\t\t<\/div>\n\t\t\t\t<\/div>\n\t\t\t\t<div class=\"elementor-element elementor-element-9bc2319 elementor-widget elementor-widget-text-editor\" data-id=\"9bc2319\" data-element_type=\"widget\" data-widget_type=\"text-editor.default\">\n\t\t\t\t<div class=\"elementor-widget-container\">\n\t\t\t\t\t\t\t\t\t<p>Pexia mamaria<\/p>\n\t\t\t\t\t\t\t\t<\/div>\n\t\t\t\t<\/div>\n\t\t\t\t\t<\/div>\n\t\t\t\t<\/div>\n\t\t<div class=\"elementor-element elementor-element-f9f04cb e-flex e-con-boxed e-con e-parent\" data-id=\"f9f04cb\" data-element_type=\"container\">\n\t\t\t\t\t<div class=\"e-con-inner\">\n\t\t<div class=\"elementor-element elementor-element-0c31ef9 e-con-full e-flex e-con e-parent\" data-id=\"0c31ef9\" data-element_type=\"container\">\n\t\t\t\t<div class=\"elementor-element elementor-element-fed1781 elementor-widget elementor-widget-shortcode\" data-id=\"fed1781\" data-element_type=\"widget\" data-widget_type=\"shortcode.default\">\n\t\t\t\t<div class=\"elementor-widget-container\">\n\t\t\t\t\t\t\t<div class=\"elementor-shortcode\">\t\t<div data-elementor-type=\"section\" data-elementor-id=\"4480\" class=\"elementor elementor-4480\" data-elementor-post-type=\"elementor_library\">\n\t\t\t<div class=\"elementor-element elementor-element-c51e470 e-flex e-con-boxed e-con e-parent\" data-id=\"c51e470\" data-element_type=\"container\">\n\t\t\t\t\t<div class=\"e-con-inner\">\n\t\t\t\t<div class=\"elementor-element elementor-element-1d5a603 elementor-widget elementor-widget-heading\" data-id=\"1d5a603\" data-element_type=\"widget\" data-widget_type=\"heading.default\">\n\t\t\t\t<div class=\"elementor-widget-container\">\n\t\t\t\t\t<h4 class=\"elementor-heading-title elementor-size-default\">CIRUG\u00cdA PL\u00c1STICA<\/h4>\t\t\t\t<\/div>\n\t\t\t\t<\/div>\n\t\t\t\t<div class=\"elementor-element elementor-element-3ec6d9c uael-nav-menu__align-justify uael-nav-menu__breakpoint-mobile uael-nav-menu-toggle-label-yes uael-nav-menu-label-align-left uael-submenu-icon-arrow uael-link-redirect-child elementor-widget elementor-widget-uael-nav-menu\" data-id=\"3ec6d9c\" data-element_type=\"widget\" data-widget_type=\"uael-nav-menu.default\">\n\t\t\t\t<div class=\"elementor-widget-container\">\n\t\t\t\t\t\t\t<div class=\"uael-nav-menu uael-layout-vertical uael-nav-menu-layout\" data-layout=\"vertical\">\n\t\t\t\t<div role=\"button\" class=\"uael-nav-menu__toggle elementor-clickable\">\n\t\t\t\t\t<span class=\"screen-reader-text\">Main Menu<\/span>\n\t\t\t\t\t<div class=\"uael-nav-menu-icon\">\n\t\t\t\t\t\t<i aria-hidden=\"true\" class=\"fas fa-stream\"><\/i>\t\t\t\t\t<\/div>\n\t\t\t\t\t\t\t\t\t\t\t<span class=\"uael-nav-menu-label\">Men\u00fa cirug\u00eda pl\u00e1stica<\/span>\n\t\t\t\t\t\t\t\t\t<\/div>\n\t\t\t\t\t\t\t<nav class=\"uael-nav-menu__layout-vertical uael-nav-menu__submenu-arrow\" data-toggle-icon=\"&lt;i aria-hidden=&quot;true&quot; class=&quot;fas fa-stream&quot;&gt;&lt;\/i&gt;\" data-close-icon=\"&lt;i aria-hidden=&quot;true&quot; class=&quot;far fa-window-close&quot;&gt;&lt;\/i&gt;\" data-full-width=\"yes\"><ul id=\"menu-1-3ec6d9c\" class=\"uael-nav-menu\"><li id=\"menu-item-4487\" class=\"menu-item menu-item-type-post_type menu-item-object-page parent uael-creative-menu\"><a href=\"https:\/\/procedimientosquirurgicos.com.co\/cirugia-plastica-y-estetica\/abdominoplastia\/\" class=\"uael-menu-item\">Abdominoplastia<\/a><\/li>\n<li id=\"menu-item-4564\" class=\"menu-item menu-item-type-post_type menu-item-object-page parent uael-creative-menu\"><a href=\"https:\/\/procedimientosquirurgicos.com.co\/cirugia-plastica-y-estetica\/acido-hialuronico\/\" class=\"uael-menu-item\">\u00c1cido Hialur\u00f3nico<\/a><\/li>\n<li id=\"menu-item-4582\" class=\"menu-item menu-item-type-post_type menu-item-object-page parent uael-creative-menu\"><a href=\"https:\/\/procedimientosquirurgicos.com.co\/cirugia-plastica-y-estetica\/aumento-de-gluteos\/\" class=\"uael-menu-item\">Aumento de Gl\u00fateos<\/a><\/li>\n<li id=\"menu-item-4608\" class=\"menu-item menu-item-type-post_type menu-item-object-page parent uael-creative-menu\"><a href=\"https:\/\/procedimientosquirurgicos.com.co\/cirugia-plastica-y-estetica\/blefaroplastia\/\" class=\"uael-menu-item\">Blefaroplastia<\/a><\/li>\n<li id=\"menu-item-4621\" class=\"menu-item menu-item-type-post_type menu-item-object-page parent uael-creative-menu\"><a href=\"https:\/\/procedimientosquirurgicos.com.co\/cirugia-plastica-y-estetica\/braquioplastia\/\" class=\"uael-menu-item\">Braquioplastia<\/a><\/li>\n<li id=\"menu-item-4663\" class=\"menu-item menu-item-type-post_type menu-item-object-page parent uael-creative-menu\"><a href=\"https:\/\/procedimientosquirurgicos.com.co\/cirugia-plastica-y-estetica\/cervicoplastia\/\" class=\"uael-menu-item\">Cervicoplastia<\/a><\/li>\n<li id=\"menu-item-4684\" class=\"menu-item menu-item-type-post_type menu-item-object-page parent uael-creative-menu\"><a href=\"https:\/\/procedimientosquirurgicos.com.co\/cirugia-plastica-y-estetica\/contorno-facial\/\" class=\"uael-menu-item\">Contorno Facial<\/a><\/li>\n<li id=\"menu-item-4683\" class=\"menu-item menu-item-type-post_type menu-item-object-page parent uael-creative-menu\"><a href=\"https:\/\/procedimientosquirurgicos.com.co\/cirugia-plastica-y-estetica\/correccion-de-ginecomastia\/\" class=\"uael-menu-item\">Correcci\u00f3n de Ginecomastia<\/a><\/li>\n<li id=\"menu-item-4703\" class=\"menu-item menu-item-type-post_type menu-item-object-page parent uael-creative-menu\"><a href=\"https:\/\/procedimientosquirurgicos.com.co\/cirugia-plastica-y-estetica\/frontoplastia\/\" class=\"uael-menu-item\">Frontoplastia<\/a><\/li>\n<li id=\"menu-item-4724\" class=\"menu-item menu-item-type-post_type menu-item-object-page parent uael-creative-menu\"><a href=\"https:\/\/procedimientosquirurgicos.com.co\/cirugia-plastica-y-estetica\/levantamiento-de-senos\/\" class=\"uael-menu-item\">Levantamiento de Senos<\/a><\/li>\n<li id=\"menu-item-4747\" class=\"menu-item menu-item-type-post_type menu-item-object-page parent uael-creative-menu\"><a href=\"https:\/\/procedimientosquirurgicos.com.co\/cirugia-plastica-y-estetica\/liposuccion-lipoescultura\/\" class=\"uael-menu-item\">Liposucci\u00f3n \u2013 Lipoescultura<\/a><\/li>\n<li id=\"menu-item-4777\" class=\"menu-item menu-item-type-post_type menu-item-object-page parent uael-creative-menu\"><a href=\"https:\/\/procedimientosquirurgicos.com.co\/cirugia-plastica-y-estetica\/liposuccion-masculina\/\" class=\"uael-menu-item\">Liposucci\u00f3n Masculina<\/a><\/li>\n<li id=\"menu-item-4795\" class=\"menu-item menu-item-type-post_type menu-item-object-page parent uael-creative-menu\"><a href=\"https:\/\/procedimientosquirurgicos.com.co\/cirugia-plastica-y-estetica\/mamoplastia-de-aumento\/\" class=\"uael-menu-item\">Mamoplastia de Aumento<\/a><\/li>\n<li id=\"menu-item-4840\" class=\"menu-item menu-item-type-post_type menu-item-object-page parent uael-creative-menu\"><a href=\"https:\/\/procedimientosquirurgicos.com.co\/cirugia-plastica-y-estetica\/mamoplastia-de-reduccion\/\" class=\"uael-menu-item\">Mamoplastia de Reducci\u00f3n<\/a><\/li>\n<li id=\"menu-item-4872\" class=\"menu-item menu-item-type-post_type menu-item-object-page parent uael-creative-menu\"><a href=\"https:\/\/procedimientosquirurgicos.com.co\/cirugia-plastica-y-estetica\/otoplastia\/\" class=\"uael-menu-item\">Otoplastia<\/a><\/li>\n<li id=\"menu-item-4877\" class=\"menu-item menu-item-type-post_type menu-item-object-page parent uael-creative-menu\"><a href=\"https:\/\/procedimientosquirurgicos.com.co\/cirugia-plastica-y-estetica\/reduccion-de-muslos\/\" class=\"uael-menu-item\">Reducci\u00f3n de Muslos<\/a><\/li>\n<li id=\"menu-item-4896\" class=\"menu-item menu-item-type-post_type menu-item-object-page parent uael-creative-menu\"><a href=\"https:\/\/procedimientosquirurgicos.com.co\/cirugia-plastica-y-estetica\/revitalizacion-cutanea\/\" class=\"uael-menu-item\">Revitalizaci\u00f3n Cut\u00e1nea<\/a><\/li>\n<li id=\"menu-item-4917\" class=\"menu-item menu-item-type-post_type menu-item-object-page parent uael-creative-menu\"><a href=\"https:\/\/procedimientosquirurgicos.com.co\/cirugia-plastica-y-estetica\/rinoplastia\/\" class=\"uael-menu-item\">Rinoplastia<\/a><\/li>\n<li id=\"menu-item-4943\" class=\"menu-item menu-item-type-post_type menu-item-object-page parent uael-creative-menu\"><a href=\"https:\/\/procedimientosquirurgicos.com.co\/cirugia-plastica-y-estetica\/ritidoplastia\/\" class=\"uael-menu-item\">Ritidoplastia<\/a><\/li>\n<li id=\"menu-item-4959\" class=\"menu-item menu-item-type-post_type menu-item-object-page parent uael-creative-menu\"><a href=\"https:\/\/procedimientosquirurgicos.com.co\/cirugia-plastica-y-estetica\/toxina-botulinica\/\" class=\"uael-menu-item\">Toxina Botul\u00ednica<\/a><\/li>\n<\/ul><\/nav>\n\t\t\t\t\t<\/div>\n\t\t\t\t\t\t\t<\/div>\n\t\t\t\t<\/div>\n\t\t\t\t\t<\/div>\n\t\t\t\t<\/div>\n\t\t\t\t<\/div>\n\t\t<\/div>\n\t\t\t\t\t\t<\/div>\n\t\t\t\t<\/div>\n\t\t\t\t<div class=\"elementor-element elementor-element-031b97e elementor-widget elementor-widget-image\" data-id=\"031b97e\" data-element_type=\"widget\" data-widget_type=\"image.default\">\n\t\t\t\t<div class=\"elementor-widget-container\">\n\t\t\t\t\t\t\t\t\t\t\t\t\t\t\t\t<a href=\"https:\/\/procedimientosquirurgicos.com.co\/neurocirugia-funcional\/dolor-cronico\/\">\n\t\t\t\t\t\t\t<img fetchpriority=\"high\" decoding=\"async\" width=\"360\" height=\"461\" src=\"https:\/\/procedimientosquirurgicos.com.co\/wp-content\/uploads\/2023\/04\/banner-Dolor-1.png\" class=\"attachment-large size-large wp-image-4492\" alt=\"\" srcset=\"https:\/\/procedimientosquirurgicos.com.co\/wp-content\/uploads\/2023\/04\/banner-Dolor-1.png 360w, https:\/\/procedimientosquirurgicos.com.co\/wp-content\/uploads\/2023\/04\/banner-Dolor-1-234x300.png 234w\" sizes=\"(max-width: 360px) 100vw, 360px\" \/>\t\t\t\t\t\t\t\t<\/a>\n\t\t\t\t\t\t\t\t\t\t\t\t\t\t\t<\/div>\n\t\t\t\t<\/div>\n\t\t\t\t<div class=\"elementor-element elementor-element-d52c0ca elementor-widget elementor-widget-image\" data-id=\"d52c0ca\" data-element_type=\"widget\" data-widget_type=\"image.default\">\n\t\t\t\t<div class=\"elementor-widget-container\">\n\t\t\t\t\t\t\t\t\t\t\t\t\t\t\t\t<a href=\"https:\/\/procedimientosquirurgicos.com.co\/agresividad\/\">\n\t\t\t\t\t\t\t<img decoding=\"async\" width=\"460\" height=\"360\" src=\"https:\/\/procedimientosquirurgicos.com.co\/wp-content\/uploads\/2023\/04\/banner-Agresividad-1.jpg\" class=\"attachment-large size-large wp-image-4489\" alt=\"\" srcset=\"https:\/\/procedimientosquirurgicos.com.co\/wp-content\/uploads\/2023\/04\/banner-Agresividad-1.jpg 460w, https:\/\/procedimientosquirurgicos.com.co\/wp-content\/uploads\/2023\/04\/banner-Agresividad-1-300x235.jpg 300w\" sizes=\"(max-width: 460px) 100vw, 460px\" \/>\t\t\t\t\t\t\t\t<\/a>\n\t\t\t\t\t\t\t\t\t\t\t\t\t\t\t<\/div>\n\t\t\t\t<\/div>\n\t\t\t\t<\/div>\n\t\t<div class=\"elementor-element elementor-element-8fb3f37 e-con-full e-flex e-con e-parent\" data-id=\"8fb3f37\" data-element_type=\"container\">\n\t\t\t\t<div class=\"elementor-element elementor-element-3cc6d19 elementor-widget elementor-widget-image\" data-id=\"3cc6d19\" data-element_type=\"widget\" data-widget_type=\"image.default\">\n\t\t\t\t<div class=\"elementor-widget-container\">\n\t\t\t\t\t\t\t\t\t\t\t\t\t\t\t<img decoding=\"async\" width=\"750\" height=\"300\" src=\"https:\/\/procedimientosquirurgicos.com.co\/wp-content\/uploads\/2023\/05\/levantamiento-senos-1.jpg\" class=\"attachment-large size-large wp-image-4725\" alt=\"\" srcset=\"https:\/\/procedimientosquirurgicos.com.co\/wp-content\/uploads\/2023\/05\/levantamiento-senos-1.jpg 750w, https:\/\/procedimientosquirurgicos.com.co\/wp-content\/uploads\/2023\/05\/levantamiento-senos-1-300x120.jpg 300w\" sizes=\"(max-width: 750px) 100vw, 750px\" \/>\t\t\t\t\t\t\t\t\t\t\t\t\t\t\t<\/div>\n\t\t\t\t<\/div>\n\t\t\t\t<div class=\"elementor-element elementor-element-0405b16 elementor-widget elementor-widget-text-editor\" data-id=\"0405b16\" data-element_type=\"widget\" data-widget_type=\"text-editor.default\">\n\t\t\t\t<div class=\"elementor-widget-container\">\n\t\t\t\t\t\t\t\t\t<p>La ca\u00edda del seno resulta de la disminuci\u00f3n del volumen del par\u00e9nquima y el tipo de piel y estructuras de soporte que no se retrae sino m\u00e1s bien cede ante la fuerza de la gravedad. Por lo tanto el seno o la gl\u00e1ndula mamaria adopta una posici\u00f3n m\u00e1s baja en la pared tor\u00e1cica perdiendo as\u00ed su aspecto juvenil.<\/p>\n\t\t\t\t\t\t\t\t<\/div>\n\t\t\t\t<\/div>\n\t\t\t\t<div class=\"elementor-element elementor-element-28dda02 elementor-widget-divider--view-line elementor-widget elementor-widget-divider\" data-id=\"28dda02\" data-element_type=\"widget\" data-widget_type=\"divider.default\">\n\t\t\t\t<div class=\"elementor-widget-container\">\n\t\t\t\t\t\t\t<div class=\"elementor-divider\">\n\t\t\t<span class=\"elementor-divider-separator\">\n\t\t\t\t\t\t<\/span>\n\t\t<\/div>\n\t\t\t\t\t\t<\/div>\n\t\t\t\t<\/div>\n\t\t\t\t<div class=\"elementor-element elementor-element-d2a1443 elementor-widget elementor-widget-text-editor\" data-id=\"d2a1443\" data-element_type=\"widget\" data-widget_type=\"text-editor.default\">\n\t\t\t\t<div class=\"elementor-widget-container\">\n\t\t\t\t\t\t\t\t\t<p>Sin embargo, la caracter\u00edstica de una mujer adulta y sana conlleva una leve ca\u00edda de este seno lo cual la diferencia del seno en desarrollo de una adolescente.<\/p>\n<p>El <strong>levantamiento de senos<\/strong>, llamado tambi\u00e9n <strong>mastopexia<\/strong> o <strong>pexia mamaria<\/strong>, consiste en elevar y mejorar la forma de las mamas. Con el transcurso del tiempo y despu\u00e9s de eventos como el embarazo los senos tienden a presentar flacidez y caer, con la cirug\u00eda se busca un aspecto m\u00e1s armonioso y est\u00e9tico de los senos. Puede realizarse con o sin pr\u00f3tesis, dependiendo del tejido mamario disponible, de las necesidades y expectativas de la paciente.<\/p>\n\t\t\t\t\t\t\t\t<\/div>\n\t\t\t\t<\/div>\n\t\t\t\t<div class=\"elementor-element elementor-element-6f3242b elementor-widget elementor-widget-heading\" data-id=\"6f3242b\" data-element_type=\"widget\" data-widget_type=\"heading.default\">\n\t\t\t\t<div class=\"elementor-widget-container\">\n\t\t\t\t\t<h4 class=\"elementor-heading-title elementor-size-default\">\u00bfSOY CANDIDATA A UN LEVANTAMIENTO DE SENOS?<\/h4>\t\t\t\t<\/div>\n\t\t\t\t<\/div>\n\t\t\t\t<div class=\"elementor-element elementor-element-d89f18c elementor-widget elementor-widget-text-editor\" data-id=\"d89f18c\" data-element_type=\"widget\" data-widget_type=\"text-editor.default\">\n\t\t\t\t<div class=\"elementor-widget-container\">\n\t\t\t\t\t\t\t\t\t<p>Si usted ha notado cambios en sus senos posterior a eventos como el embarazo o p\u00e9rdidas masiva de peso, posiblemente la Pexia mamaria puede ayudarle a mejorar la forma de sus senos.<\/p>\n<p>As\u00ed mismo si es una paciente joven pero observa que sus senos son demasiado ca\u00eddos y fl\u00e1cidos tambi\u00e9n puede ayudarle.<\/p>\n<p>Aunque no existe riesgo de que la mastopexia altere futuros embarazos, si debe saber que las mamas pueden cambiar tras un nuevo embarazo y necesitar alg\u00fan tipo de retoque posteriormente.<\/p>\n\t\t\t\t\t\t\t\t<\/div>\n\t\t\t\t<\/div>\n\t\t\t\t<div class=\"elementor-element elementor-element-b211760 elementor-widget elementor-widget-heading\" data-id=\"b211760\" data-element_type=\"widget\" data-widget_type=\"heading.default\">\n\t\t\t\t<div class=\"elementor-widget-container\">\n\t\t\t\t\t<h4 class=\"elementor-heading-title elementor-size-default\">\u00bfC\u00d3MO SE REALIZA LA CIRUG\u00cdA?<\/h4>\t\t\t\t<\/div>\n\t\t\t\t<\/div>\n\t\t\t\t<div class=\"elementor-element elementor-element-1bb4aa2 elementor-widget elementor-widget-image\" data-id=\"1bb4aa2\" data-element_type=\"widget\" data-widget_type=\"image.default\">\n\t\t\t\t<div class=\"elementor-widget-container\">\n\t\t\t\t\t\t\t\t\t\t\t\t\t\t\t<img loading=\"lazy\" decoding=\"async\" width=\"750\" height=\"300\" src=\"https:\/\/procedimientosquirurgicos.com.co\/wp-content\/uploads\/2023\/05\/levantamiento-senos-2.jpg\" class=\"attachment-large size-large wp-image-4726\" alt=\"\" srcset=\"https:\/\/procedimientosquirurgicos.com.co\/wp-content\/uploads\/2023\/05\/levantamiento-senos-2.jpg 750w, https:\/\/procedimientosquirurgicos.com.co\/wp-content\/uploads\/2023\/05\/levantamiento-senos-2-300x120.jpg 300w\" sizes=\"(max-width: 750px) 100vw, 750px\" \/>\t\t\t\t\t\t\t\t\t\t\t\t\t\t\t<\/div>\n\t\t\t\t<\/div>\n\t\t\t\t<div class=\"elementor-element elementor-element-03aca8d elementor-widget elementor-widget-text-editor\" data-id=\"03aca8d\" data-element_type=\"widget\" data-widget_type=\"text-editor.default\">\n\t\t\t\t<div class=\"elementor-widget-container\">\n\t\t\t\t\t\t\t\t\t<p>En t\u00e9rminos generales, en el levantamiento de seno las cicatrices se ubicar\u00e1n alrededor de la areola (periareolar) para poder reubicar la posici\u00f3n de esta. Dependiendo de la flacidez de la piel las cicatrices en el polo inferior ser\u00e1n verticales o en forma de T invertida para compensar el exceso de piel. En otras palabras, a mayor flacidez de la piel necesitar\u00e1n m\u00e1s resecci\u00f3n de esta y por lo tanto la cicatriz ser\u00e1 m\u00e1s larga. S\u00ed, por el contrario, la piel es firme es posible realizar la pexia con la cicatriz periareolar solamente.<\/p>\n<p>La cirug\u00eda dura entre 2 a 4 horas y se hace bajo anestesia General. Se puede hacer ambulatorio u hospitalizado seg\u00fan cada paciente.<\/p>\n\t\t\t\t\t\t\t\t<\/div>\n\t\t\t\t<\/div>\n\t\t\t\t<div class=\"elementor-element elementor-element-afef963 elementor-widget elementor-widget-heading\" data-id=\"afef963\" data-element_type=\"widget\" data-widget_type=\"heading.default\">\n\t\t\t\t<div class=\"elementor-widget-container\">\n\t\t\t\t\t<h4 class=\"elementor-heading-title elementor-size-default\">PREGUNTAS FRECUENTES<\/h4>\t\t\t\t<\/div>\n\t\t\t\t<\/div>\n\t\t\t\t<div class=\"elementor-element elementor-element-898a804 elementor-widget elementor-widget-image\" data-id=\"898a804\" data-element_type=\"widget\" data-widget_type=\"image.default\">\n\t\t\t\t<div class=\"elementor-widget-container\">\n\t\t\t\t\t\t\t\t\t\t\t\t\t\t\t<img loading=\"lazy\" decoding=\"async\" width=\"750\" height=\"300\" src=\"https:\/\/procedimientosquirurgicos.com.co\/wp-content\/uploads\/2023\/05\/levantamiento-senos-3.jpg\" class=\"attachment-large size-large wp-image-4727\" alt=\"\" srcset=\"https:\/\/procedimientosquirurgicos.com.co\/wp-content\/uploads\/2023\/05\/levantamiento-senos-3.jpg 750w, https:\/\/procedimientosquirurgicos.com.co\/wp-content\/uploads\/2023\/05\/levantamiento-senos-3-300x120.jpg 300w\" sizes=\"(max-width: 750px) 100vw, 750px\" \/>\t\t\t\t\t\t\t\t\t\t\t\t\t\t\t<\/div>\n\t\t\t\t<\/div>\n\t\t\t\t<div class=\"elementor-element elementor-element-218df40 elementor-widget elementor-widget-text-editor\" data-id=\"218df40\" data-element_type=\"widget\" data-widget_type=\"text-editor.default\">\n\t\t\t\t<div class=\"elementor-widget-container\">\n\t\t\t\t\t\t\t\t\t<ul class=\"pq-list\">\n<li><strong>Dolor:<\/strong> Existe un dolor tolerable y controlable f\u00e1cilmente por medicamentos, el cual ir\u00e1 disminuyendo progresivamente.<\/li>\n<li><strong>Inflamaci\u00f3n:<\/strong> Durante los primeros d\u00edas posteriores a la cirug\u00eda sus senos pueden notarse algo inflamados, aparecer\u00e1n morados de menor a mayor grado dependiendo de las caracter\u00edsticas de su piel constituyendo un evento normal de la cirug\u00eda debido a la manipulaci\u00f3n de los tejidos. Con el transcurso de los d\u00edas y las semanas la inflamaci\u00f3n ir\u00e1 disminuyendo.<\/li>\n<li><strong>Retorno a las actividades:<\/strong> Luego de 10 d\u00edas la paciente puede volver a sus actividades cotidianas de manera progresiva.<\/li>\n<li><strong>Ejercicio:<\/strong> Esperar 4 semanas para realizar ejercicio f\u00edsico.<\/li>\n<li><strong>Protecci\u00f3n solar:<\/strong> Evite la exposici\u00f3n directa al sol duramente el primer mes, en lo posible use bloqueador solar.<\/li>\n<\/ul>\n\t\t\t\t\t\t\t\t<\/div>\n\t\t\t\t<\/div>\n\t\t\t\t<div class=\"elementor-element elementor-element-1ccd029 elementor-widget elementor-widget-shortcode\" data-id=\"1ccd029\" data-element_type=\"widget\" data-widget_type=\"shortcode.default\">\n\t\t\t\t<div class=\"elementor-widget-container\">\n\t\t\t\t\t\t\t<div class=\"elementor-shortcode\">\t\t<div data-elementor-type=\"section\" data-elementor-id=\"4525\" class=\"elementor elementor-4525\" data-elementor-post-type=\"elementor_library\">\n\t\t\t<div class=\"elementor-element elementor-element-d2207b3 e-con-full e-flex e-con e-parent\" data-id=\"d2207b3\" data-element_type=\"container\">\n\t\t\t\t<div class=\"elementor-element elementor-element-a8fded5 elementor-widget__width-auto elementor-widget elementor-widget-button\" data-id=\"a8fded5\" data-element_type=\"widget\" data-widget_type=\"button.default\">\n\t\t\t\t<div class=\"elementor-widget-container\">\n\t\t\t\t\t\t\t\t\t<div class=\"elementor-button-wrapper\">\n\t\t\t\t\t<a class=\"elementor-button elementor-button-link elementor-size-sm\" href=\"https:\/\/procedimientosquirurgicos.com.co\/contacto\/\">\n\t\t\t\t\t\t<span class=\"elementor-button-content-wrapper\">\n\t\t\t\t\t\t\t\t\t<span class=\"elementor-button-text\">SOLICITAR CITA<\/span>\n\t\t\t\t\t<\/span>\n\t\t\t\t\t<\/a>\n\t\t\t\t<\/div>\n\t\t\t\t\t\t\t\t<\/div>\n\t\t\t\t<\/div>\n\t\t\t\t<\/div>\n\t\t\t\t<\/div>\n\t\t<\/div>\n\t\t\t\t\t\t<\/div>\n\t\t\t\t<\/div>\n\t\t\t\t<\/div>\n\t\t\t\t\t<\/div>\n\t\t\t\t<\/div>\n\t\t\t\t<\/div>\n\t\t","protected":false},"excerpt":{"rendered":"<p>Levantamiento de Senos Pexia mamaria La ca\u00edda del seno resulta de la disminuci\u00f3n del volumen del par\u00e9nquima y el tipo de piel y estructuras de soporte que no se retrae sino m\u00e1s bien cede ante la fuerza de la gravedad. Por lo tanto el seno o la gl\u00e1ndula mamaria adopta una posici\u00f3n m\u00e1s baja en [&hellip;]<\/p>\n","protected":false},"author":1,"featured_media":0,"parent":5393,"menu_order":0,"comment_status":"closed","ping_status":"closed","template":"","meta":{"site-sidebar-layout":"no-sidebar","site-content-layout":"page-builder","ast-site-content-layout":"","site-content-style":"default","site-sidebar-style":"default","ast-global-header-display":"","ast-banner-title-visibility":"","ast-main-header-display":"","ast-hfb-above-header-display":"","ast-hfb-below-header-display":"","ast-hfb-mobile-header-display":"","site-post-title":"disabled","ast-breadcrumbs-content":"","ast-featured-img":"disabled","footer-sml-layout":"","theme-transparent-header-meta":"default","adv-header-id-meta":"","stick-header-meta":"","header-above-stick-meta":"","header-main-stick-meta":"","header-below-stick-meta":"","astra-migrate-meta-layouts":"default","ast-page-background-enabled":"default","ast-page-background-meta":{"desktop":{"background-color":"var(--ast-global-color-4)","background-image":"","background-repeat":"repeat","background-position":"center center","background-size":"auto","background-attachment":"scroll","background-type":"","background-media":"","overlay-type":"","overlay-color":"","overlay-opacity":"","overlay-gradient":""},"tablet":{"background-color":"","background-image":"","background-repeat":"repeat","background-position":"center center","background-size":"auto","background-attachment":"scroll","background-type":"","background-media":"","overlay-type":"","overlay-color":"","overlay-opacity":"","overlay-gradient":""},"mobile":{"background-color":"","background-image":"","background-repeat":"repeat","background-position":"center center","background-size":"auto","background-attachment":"scroll","background-type":"","background-media":"","overlay-type":"","overlay-color":"","overlay-opacity":"","overlay-gradient":""}},"ast-content-background-meta":{"desktop":{"background-color":"var(--ast-global-color-5)","background-image":"","background-repeat":"repeat","background-position":"center center","background-size":"auto","background-attachment":"scroll","background-type":"","background-media":"","overlay-type":"","overlay-color":"","overlay-opacity":"","overlay-gradient":""},"tablet":{"background-color":"var(--ast-global-color-5)","background-image":"","background-repeat":"repeat","background-position":"center center","background-size":"auto","background-attachment":"scroll","background-type":"","background-media":"","overlay-type":"","overlay-color":"","overlay-opacity":"","overlay-gradient":""},"mobile":{"background-color":"var(--ast-global-color-5)","background-image":"","background-repeat":"repeat","background-position":"center center","background-size":"auto","background-attachment":"scroll","background-type":"","background-media":"","overlay-type":"","overlay-color":"","overlay-opacity":"","overlay-gradient":""}},"footnotes":""},"class_list":["post-5417","page","type-page","status-publish","hentry"],"meta_box":[],"_links":{"self":[{"href":"https:\/\/procedimientosquirurgicos.com.co\/en\/wp-json\/wp\/v2\/pages\/5417","targetHints":{"allow":["GET"]}}],"collection":[{"href":"https:\/\/procedimientosquirurgicos.com.co\/en\/wp-json\/wp\/v2\/pages"}],"about":[{"href":"https:\/\/procedimientosquirurgicos.com.co\/en\/wp-json\/wp\/v2\/types\/page"}],"author":[{"embeddable":true,"href":"https:\/\/procedimientosquirurgicos.com.co\/en\/wp-json\/wp\/v2\/users\/1"}],"replies":[{"embeddable":true,"href":"https:\/\/procedimientosquirurgicos.com.co\/en\/wp-json\/wp\/v2\/comments?post=5417"}],"version-history":[{"count":1,"href":"https:\/\/procedimientosquirurgicos.com.co\/en\/wp-json\/wp\/v2\/pages\/5417\/revisions"}],"predecessor-version":[{"id":5418,"href":"https:\/\/procedimientosquirurgicos.com.co\/en\/wp-json\/wp\/v2\/pages\/5417\/revisions\/5418"}],"up":[{"embeddable":true,"href":"https:\/\/procedimientosquirurgicos.com.co\/en\/wp-json\/wp\/v2\/pages\/5393"}],"wp:attachment":[{"href":"https:\/\/procedimientosquirurgicos.com.co\/en\/wp-json\/wp\/v2\/media?parent=5417"}],"curies":[{"name":"wp","href":"https:\/\/api.w.org\/{rel}","templated":true}]}}