{"id":5429,"date":"2023-05-03T19:01:49","date_gmt":"2023-05-03T19:01:49","guid":{"rendered":"https:\/\/procedimientosquirurgicos.com.co\/cirugia-plastica-y-estetica\/reduccion-de-muslos\/"},"modified":"2023-05-23T18:44:53","modified_gmt":"2023-05-23T18:44:53","slug":"reduccion-de-muslos","status":"publish","type":"page","link":"https:\/\/procedimientosquirurgicos.com.co\/en\/cirugia-plastica-y-estetica\/reduccion-de-muslos\/","title":{"rendered":"Reducci\u00f3n de Muslos"},"content":{"rendered":"\t\t<div data-elementor-type=\"wp-page\" data-elementor-id=\"5429\" class=\"elementor elementor-5429 elementor-4874\" data-elementor-post-type=\"page\">\n\t\t\t\t<div class=\"elementor-element elementor-element-9ffe321 e-flex e-con-boxed e-con e-parent\" data-id=\"9ffe321\" data-element_type=\"container\" data-settings=\"{&quot;background_background&quot;:&quot;classic&quot;}\">\n\t\t\t\t\t<div class=\"e-con-inner\">\n\t\t\t\t<div class=\"elementor-element elementor-element-c0bea70 elementor-widget elementor-widget-heading\" data-id=\"c0bea70\" data-element_type=\"widget\" data-widget_type=\"heading.default\">\n\t\t\t\t<div class=\"elementor-widget-container\">\n\t\t\t\t\t<h1 class=\"elementor-heading-title elementor-size-default\">Reducci\u00f3n de Muslos<\/h1>\t\t\t\t<\/div>\n\t\t\t\t<\/div>\n\t\t\t\t<div class=\"elementor-element elementor-element-e49b4d7 elementor-widget elementor-widget-text-editor\" data-id=\"e49b4d7\" data-element_type=\"widget\" data-widget_type=\"text-editor.default\">\n\t\t\t\t<div class=\"elementor-widget-container\">\n\t\t\t\t\t\t\t\t\t<p>Cruroplastia<\/p>\n\t\t\t\t\t\t\t\t<\/div>\n\t\t\t\t<\/div>\n\t\t\t\t\t<\/div>\n\t\t\t\t<\/div>\n\t\t<div class=\"elementor-element elementor-element-1428d7a e-flex e-con-boxed e-con e-parent\" data-id=\"1428d7a\" data-element_type=\"container\">\n\t\t\t\t\t<div class=\"e-con-inner\">\n\t\t<div class=\"elementor-element elementor-element-567ee2c e-con-full e-flex e-con e-parent\" data-id=\"567ee2c\" data-element_type=\"container\">\n\t\t\t\t<div class=\"elementor-element elementor-element-dcfe493 elementor-widget elementor-widget-shortcode\" data-id=\"dcfe493\" data-element_type=\"widget\" data-widget_type=\"shortcode.default\">\n\t\t\t\t<div class=\"elementor-widget-container\">\n\t\t\t\t\t\t\t<div class=\"elementor-shortcode\">\t\t<div data-elementor-type=\"section\" data-elementor-id=\"4480\" class=\"elementor elementor-4480\" data-elementor-post-type=\"elementor_library\">\n\t\t\t<div class=\"elementor-element elementor-element-c51e470 e-flex e-con-boxed e-con e-parent\" data-id=\"c51e470\" data-element_type=\"container\">\n\t\t\t\t\t<div class=\"e-con-inner\">\n\t\t\t\t<div class=\"elementor-element elementor-element-1d5a603 elementor-widget elementor-widget-heading\" data-id=\"1d5a603\" data-element_type=\"widget\" data-widget_type=\"heading.default\">\n\t\t\t\t<div class=\"elementor-widget-container\">\n\t\t\t\t\t<h4 class=\"elementor-heading-title elementor-size-default\">CIRUG\u00cdA PL\u00c1STICA<\/h4>\t\t\t\t<\/div>\n\t\t\t\t<\/div>\n\t\t\t\t<div class=\"elementor-element elementor-element-3ec6d9c uael-nav-menu__align-justify uael-nav-menu__breakpoint-mobile uael-nav-menu-toggle-label-yes uael-nav-menu-label-align-left uael-submenu-icon-arrow uael-link-redirect-child elementor-widget elementor-widget-uael-nav-menu\" data-id=\"3ec6d9c\" data-element_type=\"widget\" data-widget_type=\"uael-nav-menu.default\">\n\t\t\t\t<div class=\"elementor-widget-container\">\n\t\t\t\t\t\t\t<div class=\"uael-nav-menu uael-layout-vertical uael-nav-menu-layout\" data-layout=\"vertical\">\n\t\t\t\t<div role=\"button\" class=\"uael-nav-menu__toggle elementor-clickable\">\n\t\t\t\t\t<span class=\"screen-reader-text\">Main Menu<\/span>\n\t\t\t\t\t<div class=\"uael-nav-menu-icon\">\n\t\t\t\t\t\t<i aria-hidden=\"true\" class=\"fas fa-stream\"><\/i>\t\t\t\t\t<\/div>\n\t\t\t\t\t\t\t\t\t\t\t<span class=\"uael-nav-menu-label\">Men\u00fa cirug\u00eda pl\u00e1stica<\/span>\n\t\t\t\t\t\t\t\t\t<\/div>\n\t\t\t\t\t\t\t<nav class=\"uael-nav-menu__layout-vertical uael-nav-menu__submenu-arrow\" data-toggle-icon=\"&lt;i aria-hidden=&quot;true&quot; class=&quot;fas fa-stream&quot;&gt;&lt;\/i&gt;\" data-close-icon=\"&lt;i aria-hidden=&quot;true&quot; class=&quot;far fa-window-close&quot;&gt;&lt;\/i&gt;\" data-full-width=\"yes\"><ul id=\"menu-1-3ec6d9c\" class=\"uael-nav-menu\"><li id=\"menu-item-4487\" class=\"menu-item menu-item-type-post_type menu-item-object-page parent uael-creative-menu\"><a href=\"https:\/\/procedimientosquirurgicos.com.co\/cirugia-plastica-y-estetica\/abdominoplastia\/\" class=\"uael-menu-item\">Abdominoplastia<\/a><\/li>\n<li id=\"menu-item-4564\" class=\"menu-item menu-item-type-post_type menu-item-object-page parent uael-creative-menu\"><a href=\"https:\/\/procedimientosquirurgicos.com.co\/cirugia-plastica-y-estetica\/acido-hialuronico\/\" class=\"uael-menu-item\">\u00c1cido Hialur\u00f3nico<\/a><\/li>\n<li id=\"menu-item-4582\" class=\"menu-item menu-item-type-post_type menu-item-object-page parent uael-creative-menu\"><a href=\"https:\/\/procedimientosquirurgicos.com.co\/cirugia-plastica-y-estetica\/aumento-de-gluteos\/\" class=\"uael-menu-item\">Aumento de Gl\u00fateos<\/a><\/li>\n<li id=\"menu-item-4608\" class=\"menu-item menu-item-type-post_type menu-item-object-page parent uael-creative-menu\"><a href=\"https:\/\/procedimientosquirurgicos.com.co\/cirugia-plastica-y-estetica\/blefaroplastia\/\" class=\"uael-menu-item\">Blefaroplastia<\/a><\/li>\n<li id=\"menu-item-4621\" class=\"menu-item menu-item-type-post_type menu-item-object-page parent uael-creative-menu\"><a href=\"https:\/\/procedimientosquirurgicos.com.co\/cirugia-plastica-y-estetica\/braquioplastia\/\" class=\"uael-menu-item\">Braquioplastia<\/a><\/li>\n<li id=\"menu-item-4663\" class=\"menu-item menu-item-type-post_type menu-item-object-page parent uael-creative-menu\"><a href=\"https:\/\/procedimientosquirurgicos.com.co\/cirugia-plastica-y-estetica\/cervicoplastia\/\" class=\"uael-menu-item\">Cervicoplastia<\/a><\/li>\n<li id=\"menu-item-4684\" class=\"menu-item menu-item-type-post_type menu-item-object-page parent uael-creative-menu\"><a href=\"https:\/\/procedimientosquirurgicos.com.co\/cirugia-plastica-y-estetica\/contorno-facial\/\" class=\"uael-menu-item\">Contorno Facial<\/a><\/li>\n<li id=\"menu-item-4683\" class=\"menu-item menu-item-type-post_type menu-item-object-page parent uael-creative-menu\"><a href=\"https:\/\/procedimientosquirurgicos.com.co\/cirugia-plastica-y-estetica\/correccion-de-ginecomastia\/\" class=\"uael-menu-item\">Correcci\u00f3n de Ginecomastia<\/a><\/li>\n<li id=\"menu-item-4703\" class=\"menu-item menu-item-type-post_type menu-item-object-page parent uael-creative-menu\"><a href=\"https:\/\/procedimientosquirurgicos.com.co\/cirugia-plastica-y-estetica\/frontoplastia\/\" class=\"uael-menu-item\">Frontoplastia<\/a><\/li>\n<li id=\"menu-item-4724\" class=\"menu-item menu-item-type-post_type menu-item-object-page parent uael-creative-menu\"><a href=\"https:\/\/procedimientosquirurgicos.com.co\/cirugia-plastica-y-estetica\/levantamiento-de-senos\/\" class=\"uael-menu-item\">Levantamiento de Senos<\/a><\/li>\n<li id=\"menu-item-4747\" class=\"menu-item menu-item-type-post_type menu-item-object-page parent uael-creative-menu\"><a href=\"https:\/\/procedimientosquirurgicos.com.co\/cirugia-plastica-y-estetica\/liposuccion-lipoescultura\/\" class=\"uael-menu-item\">Liposucci\u00f3n \u2013 Lipoescultura<\/a><\/li>\n<li id=\"menu-item-4777\" class=\"menu-item menu-item-type-post_type menu-item-object-page parent uael-creative-menu\"><a href=\"https:\/\/procedimientosquirurgicos.com.co\/cirugia-plastica-y-estetica\/liposuccion-masculina\/\" class=\"uael-menu-item\">Liposucci\u00f3n Masculina<\/a><\/li>\n<li id=\"menu-item-4795\" class=\"menu-item menu-item-type-post_type menu-item-object-page parent uael-creative-menu\"><a href=\"https:\/\/procedimientosquirurgicos.com.co\/cirugia-plastica-y-estetica\/mamoplastia-de-aumento\/\" class=\"uael-menu-item\">Mamoplastia de Aumento<\/a><\/li>\n<li id=\"menu-item-4840\" class=\"menu-item menu-item-type-post_type menu-item-object-page parent uael-creative-menu\"><a href=\"https:\/\/procedimientosquirurgicos.com.co\/cirugia-plastica-y-estetica\/mamoplastia-de-reduccion\/\" class=\"uael-menu-item\">Mamoplastia de Reducci\u00f3n<\/a><\/li>\n<li id=\"menu-item-4872\" class=\"menu-item menu-item-type-post_type menu-item-object-page parent uael-creative-menu\"><a href=\"https:\/\/procedimientosquirurgicos.com.co\/cirugia-plastica-y-estetica\/otoplastia\/\" class=\"uael-menu-item\">Otoplastia<\/a><\/li>\n<li id=\"menu-item-4877\" class=\"menu-item menu-item-type-post_type menu-item-object-page parent uael-creative-menu\"><a href=\"https:\/\/procedimientosquirurgicos.com.co\/cirugia-plastica-y-estetica\/reduccion-de-muslos\/\" class=\"uael-menu-item\">Reducci\u00f3n de Muslos<\/a><\/li>\n<li id=\"menu-item-4896\" class=\"menu-item menu-item-type-post_type menu-item-object-page parent uael-creative-menu\"><a href=\"https:\/\/procedimientosquirurgicos.com.co\/cirugia-plastica-y-estetica\/revitalizacion-cutanea\/\" class=\"uael-menu-item\">Revitalizaci\u00f3n Cut\u00e1nea<\/a><\/li>\n<li id=\"menu-item-4917\" class=\"menu-item menu-item-type-post_type menu-item-object-page parent uael-creative-menu\"><a href=\"https:\/\/procedimientosquirurgicos.com.co\/cirugia-plastica-y-estetica\/rinoplastia\/\" class=\"uael-menu-item\">Rinoplastia<\/a><\/li>\n<li id=\"menu-item-4943\" class=\"menu-item menu-item-type-post_type menu-item-object-page parent uael-creative-menu\"><a href=\"https:\/\/procedimientosquirurgicos.com.co\/cirugia-plastica-y-estetica\/ritidoplastia\/\" class=\"uael-menu-item\">Ritidoplastia<\/a><\/li>\n<li id=\"menu-item-4959\" class=\"menu-item menu-item-type-post_type menu-item-object-page parent uael-creative-menu\"><a href=\"https:\/\/procedimientosquirurgicos.com.co\/cirugia-plastica-y-estetica\/toxina-botulinica\/\" class=\"uael-menu-item\">Toxina Botul\u00ednica<\/a><\/li>\n<\/ul><\/nav>\n\t\t\t\t\t<\/div>\n\t\t\t\t\t\t\t<\/div>\n\t\t\t\t<\/div>\n\t\t\t\t\t<\/div>\n\t\t\t\t<\/div>\n\t\t\t\t<\/div>\n\t\t<\/div>\n\t\t\t\t\t\t<\/div>\n\t\t\t\t<\/div>\n\t\t\t\t<div class=\"elementor-element elementor-element-85f8021 elementor-widget elementor-widget-image\" data-id=\"85f8021\" data-element_type=\"widget\" data-widget_type=\"image.default\">\n\t\t\t\t<div class=\"elementor-widget-container\">\n\t\t\t\t\t\t\t\t\t\t\t\t\t\t\t\t<a href=\"https:\/\/procedimientosquirurgicos.com.co\/neurocirugia-funcional\/depresion\/\">\n\t\t\t\t\t\t\t<img fetchpriority=\"high\" decoding=\"async\" width=\"360\" height=\"460\" src=\"https:\/\/procedimientosquirurgicos.com.co\/wp-content\/uploads\/2023\/04\/banner-Depresion-1.jpg\" class=\"attachment-large size-large wp-image-4491\" alt=\"\" srcset=\"https:\/\/procedimientosquirurgicos.com.co\/wp-content\/uploads\/2023\/04\/banner-Depresion-1.jpg 360w, https:\/\/procedimientosquirurgicos.com.co\/wp-content\/uploads\/2023\/04\/banner-Depresion-1-235x300.jpg 235w\" sizes=\"(max-width: 360px) 100vw, 360px\" \/>\t\t\t\t\t\t\t\t<\/a>\n\t\t\t\t\t\t\t\t\t\t\t\t\t\t\t<\/div>\n\t\t\t\t<\/div>\n\t\t\t\t<div class=\"elementor-element elementor-element-79d4764 elementor-widget elementor-widget-image\" data-id=\"79d4764\" data-element_type=\"widget\" data-widget_type=\"image.default\">\n\t\t\t\t<div class=\"elementor-widget-container\">\n\t\t\t\t\t\t\t\t\t\t\t\t\t\t\t\t<a href=\"https:\/\/procedimientosquirurgicos.com.co\/\/new-sitio\/neurocirugia-funcional\/alzheimer\/\">\n\t\t\t\t\t\t\t<img decoding=\"async\" width=\"460\" height=\"360\" src=\"https:\/\/procedimientosquirurgicos.com.co\/wp-content\/uploads\/2023\/04\/banner-Alzheimer-1.png\" class=\"attachment-large size-large wp-image-4490\" alt=\"\" srcset=\"https:\/\/procedimientosquirurgicos.com.co\/wp-content\/uploads\/2023\/04\/banner-Alzheimer-1.png 460w, https:\/\/procedimientosquirurgicos.com.co\/wp-content\/uploads\/2023\/04\/banner-Alzheimer-1-300x235.png 300w\" sizes=\"(max-width: 460px) 100vw, 460px\" \/>\t\t\t\t\t\t\t\t<\/a>\n\t\t\t\t\t\t\t\t\t\t\t\t\t\t\t<\/div>\n\t\t\t\t<\/div>\n\t\t\t\t<\/div>\n\t\t<div class=\"elementor-element elementor-element-f8612c0 e-con-full e-flex e-con e-parent\" data-id=\"f8612c0\" data-element_type=\"container\">\n\t\t\t\t<div class=\"elementor-element elementor-element-6d7ce3d elementor-widget elementor-widget-image\" data-id=\"6d7ce3d\" data-element_type=\"widget\" data-widget_type=\"image.default\">\n\t\t\t\t<div class=\"elementor-widget-container\">\n\t\t\t\t\t\t\t\t\t\t\t\t\t\t\t<img decoding=\"async\" width=\"750\" height=\"300\" src=\"https:\/\/procedimientosquirurgicos.com.co\/wp-content\/uploads\/2023\/05\/reduccion-de-muslos-1.jpg\" class=\"attachment-large size-large wp-image-4881\" alt=\"\" srcset=\"https:\/\/procedimientosquirurgicos.com.co\/wp-content\/uploads\/2023\/05\/reduccion-de-muslos-1.jpg 750w, https:\/\/procedimientosquirurgicos.com.co\/wp-content\/uploads\/2023\/05\/reduccion-de-muslos-1-300x120.jpg 300w\" sizes=\"(max-width: 750px) 100vw, 750px\" \/>\t\t\t\t\t\t\t\t\t\t\t\t\t\t\t<\/div>\n\t\t\t\t<\/div>\n\t\t\t\t<div class=\"elementor-element elementor-element-0d89973 elementor-widget elementor-widget-text-editor\" data-id=\"0d89973\" data-element_type=\"widget\" data-widget_type=\"text-editor.default\">\n\t\t\t\t<div class=\"elementor-widget-container\">\n\t\t\t\t\t\t\t\t\t<p>La <strong>reducci\u00f3n de muslos<\/strong> b\u00e1sicamente busca mejorar la forma y aspecto de las piernas. El procedimiento involucra la elevaci\u00f3n del ejido descolgado de muslos y nalgas, para mejorar el contorno corporal.<\/p>\n\t\t\t\t\t\t\t\t<\/div>\n\t\t\t\t<\/div>\n\t\t\t\t<div class=\"elementor-element elementor-element-f4e7392 elementor-widget-divider--view-line elementor-widget elementor-widget-divider\" data-id=\"f4e7392\" data-element_type=\"widget\" data-widget_type=\"divider.default\">\n\t\t\t\t<div class=\"elementor-widget-container\">\n\t\t\t\t\t\t\t<div class=\"elementor-divider\">\n\t\t\t<span class=\"elementor-divider-separator\">\n\t\t\t\t\t\t<\/span>\n\t\t<\/div>\n\t\t\t\t\t\t<\/div>\n\t\t\t\t<\/div>\n\t\t\t\t<div class=\"elementor-element elementor-element-afb83ea elementor-widget elementor-widget-heading\" data-id=\"afb83ea\" data-element_type=\"widget\" data-widget_type=\"heading.default\">\n\t\t\t\t<div class=\"elementor-widget-container\">\n\t\t\t\t\t<h4 class=\"elementor-heading-title elementor-size-default\">\u00bfSOY CANDIDATA A UN LIFTING DE MUSLOS?<\/h4>\t\t\t\t<\/div>\n\t\t\t\t<\/div>\n\t\t\t\t<div class=\"elementor-element elementor-element-ed4a801 elementor-widget elementor-widget-text-editor\" data-id=\"ed4a801\" data-element_type=\"widget\" data-widget_type=\"text-editor.default\">\n\t\t\t\t<div class=\"elementor-widget-container\">\n\t\t\t\t\t\t\t\t\t<p>Usted es candidata si presenta alguna de las siguientes caracter\u00edsticas:<\/p>\n<ul class=\"pq-list\">\n<li>Presenta exceso de piel a nivel de muslos tras una p\u00e9rdida importante de peso.<\/li>\n<li>El exceso de piel en sus muslos lo predispone al rozamiento continuo y sufra problemas de piel.<\/li>\n<\/ul>\n\t\t\t\t\t\t\t\t<\/div>\n\t\t\t\t<\/div>\n\t\t\t\t<div class=\"elementor-element elementor-element-068a2f4 elementor-widget elementor-widget-heading\" data-id=\"068a2f4\" data-element_type=\"widget\" data-widget_type=\"heading.default\">\n\t\t\t\t<div class=\"elementor-widget-container\">\n\t\t\t\t\t<h4 class=\"elementor-heading-title elementor-size-default\">\u00bfC\u00d3MO SE REALIZA LA CIRUG\u00cdA?<\/h4>\t\t\t\t<\/div>\n\t\t\t\t<\/div>\n\t\t\t\t<div class=\"elementor-element elementor-element-d63de17 elementor-widget-divider--view-line elementor-widget elementor-widget-divider\" data-id=\"d63de17\" data-element_type=\"widget\" data-widget_type=\"divider.default\">\n\t\t\t\t<div class=\"elementor-widget-container\">\n\t\t\t\t\t\t\t<div class=\"elementor-divider\">\n\t\t\t<span class=\"elementor-divider-separator\">\n\t\t\t\t\t\t<\/span>\n\t\t<\/div>\n\t\t\t\t\t\t<\/div>\n\t\t\t\t<\/div>\n\t\t\t\t<div class=\"elementor-element elementor-element-85dba87 elementor-widget elementor-widget-text-editor\" data-id=\"85dba87\" data-element_type=\"widget\" data-widget_type=\"text-editor.default\">\n\t\t\t\t<div class=\"elementor-widget-container\">\n\t\t\t\t\t\t\t\t\t<p>Las incisiones son proporcionales a la piel sobrante, se realiza en los sitios donde sean menos visibles por lo general a nivel de los pliegues. La incisi\u00f3n puede estar ubicada solo en la cara interna del muslo cerca de la ingle o puede ser necesario extenderse al pliegue gl\u00fateo.<\/p>\n<p>A trav\u00e9s de dichas incisiones se remueve el exceso de piel y se sutura. Despu\u00e9s de la cirug\u00eda, los muslos tendr\u00e1n mejor aspecto y las cicatrices se aten\u00faan con el tiempo.<\/p>\n\t\t\t\t\t\t\t\t<\/div>\n\t\t\t\t<\/div>\n\t\t\t\t<div class=\"elementor-element elementor-element-8648cfa elementor-widget elementor-widget-heading\" data-id=\"8648cfa\" data-element_type=\"widget\" data-widget_type=\"heading.default\">\n\t\t\t\t<div class=\"elementor-widget-container\">\n\t\t\t\t\t<h4 class=\"elementor-heading-title elementor-size-default\">RECUPERACI\u00d3N<\/h4>\t\t\t\t<\/div>\n\t\t\t\t<\/div>\n\t\t\t\t<div class=\"elementor-element elementor-element-50b9343 elementor-widget elementor-widget-image\" data-id=\"50b9343\" data-element_type=\"widget\" data-widget_type=\"image.default\">\n\t\t\t\t<div class=\"elementor-widget-container\">\n\t\t\t\t\t\t\t\t\t\t\t\t\t\t\t<img loading=\"lazy\" decoding=\"async\" width=\"750\" height=\"300\" src=\"https:\/\/procedimientosquirurgicos.com.co\/wp-content\/uploads\/2023\/05\/reduccion-de-muslos-2.jpg\" class=\"attachment-large size-large wp-image-4882\" alt=\"\" srcset=\"https:\/\/procedimientosquirurgicos.com.co\/wp-content\/uploads\/2023\/05\/reduccion-de-muslos-2.jpg 750w, https:\/\/procedimientosquirurgicos.com.co\/wp-content\/uploads\/2023\/05\/reduccion-de-muslos-2-300x120.jpg 300w\" sizes=\"(max-width: 750px) 100vw, 750px\" \/>\t\t\t\t\t\t\t\t\t\t\t\t\t\t\t<\/div>\n\t\t\t\t<\/div>\n\t\t\t\t<div class=\"elementor-element elementor-element-5f9088b elementor-widget elementor-widget-text-editor\" data-id=\"5f9088b\" data-element_type=\"widget\" data-widget_type=\"text-editor.default\">\n\t\t\t\t<div class=\"elementor-widget-container\">\n\t\t\t\t\t\t\t\t\t<p>Es posible que la noche de la intervenci\u00f3n permanezca en la cl\u00ednica, deber\u00e1 permanecer con una prenda de comprensi\u00f3n especial durante algunas semanas. En los primeros d\u00edas debe evitar los movimientos bruscos.<\/p>\n\t\t\t\t\t\t\t\t<\/div>\n\t\t\t\t<\/div>\n\t\t\t\t<div class=\"elementor-element elementor-element-32a8b52 elementor-widget elementor-widget-heading\" data-id=\"32a8b52\" data-element_type=\"widget\" data-widget_type=\"heading.default\">\n\t\t\t\t<div class=\"elementor-widget-container\">\n\t\t\t\t\t<h4 class=\"elementor-heading-title elementor-size-default\">PREGUNTAS FRECUENTES<\/h4>\t\t\t\t<\/div>\n\t\t\t\t<\/div>\n\t\t\t\t<div class=\"elementor-element elementor-element-b6262cd elementor-widget elementor-widget-text-editor\" data-id=\"b6262cd\" data-element_type=\"widget\" data-widget_type=\"text-editor.default\">\n\t\t\t\t<div class=\"elementor-widget-container\">\n\t\t\t\t\t\t\t\t\t<ul class=\"pq-list\">\n<li><strong>Dolor:<\/strong> Existe un dolor tolerable y controlable f\u00e1cilmente por medicamentos, el cual ir\u00e1 disminuyendo progresivamente.<\/li>\n<li><strong>Inflamaci\u00f3n:<\/strong> Durante los primeros d\u00edas posteriores sus muslos podr\u00e1n verse inflamados y es posible la aparici\u00f3n de algunos moretones. Con el transcurso de los d\u00edas y las semanas la inflamaci\u00f3n ceder\u00e1.<\/li>\n<li><strong>Retorno a las actividades:<\/strong> Luego de 10 d\u00edas la paciente puede volver a sus actividades cotidianas de manera progresiva.<\/li>\n<\/ul>\n\t\t\t\t\t\t\t\t<\/div>\n\t\t\t\t<\/div>\n\t\t\t\t<div class=\"elementor-element elementor-element-9e8ee0f elementor-widget elementor-widget-shortcode\" data-id=\"9e8ee0f\" data-element_type=\"widget\" data-widget_type=\"shortcode.default\">\n\t\t\t\t<div class=\"elementor-widget-container\">\n\t\t\t\t\t\t\t<div class=\"elementor-shortcode\">\t\t<div data-elementor-type=\"section\" data-elementor-id=\"4525\" class=\"elementor elementor-4525\" data-elementor-post-type=\"elementor_library\">\n\t\t\t<div class=\"elementor-element elementor-element-d2207b3 e-con-full e-flex e-con e-parent\" data-id=\"d2207b3\" data-element_type=\"container\">\n\t\t\t\t<div class=\"elementor-element elementor-element-a8fded5 elementor-widget__width-auto elementor-widget elementor-widget-button\" data-id=\"a8fded5\" data-element_type=\"widget\" data-widget_type=\"button.default\">\n\t\t\t\t<div class=\"elementor-widget-container\">\n\t\t\t\t\t\t\t\t\t<div class=\"elementor-button-wrapper\">\n\t\t\t\t\t<a class=\"elementor-button elementor-button-link elementor-size-sm\" href=\"https:\/\/procedimientosquirurgicos.com.co\/contacto\/\">\n\t\t\t\t\t\t<span class=\"elementor-button-content-wrapper\">\n\t\t\t\t\t\t\t\t\t<span class=\"elementor-button-text\">SOLICITAR CITA<\/span>\n\t\t\t\t\t<\/span>\n\t\t\t\t\t<\/a>\n\t\t\t\t<\/div>\n\t\t\t\t\t\t\t\t<\/div>\n\t\t\t\t<\/div>\n\t\t\t\t<\/div>\n\t\t\t\t<\/div>\n\t\t<\/div>\n\t\t\t\t\t\t<\/div>\n\t\t\t\t<\/div>\n\t\t\t\t<\/div>\n\t\t\t\t\t<\/div>\n\t\t\t\t<\/div>\n\t\t\t\t<\/div>\n\t\t","protected":false},"excerpt":{"rendered":"<p>Reducci\u00f3n de Muslos Cruroplastia La reducci\u00f3n de muslos b\u00e1sicamente busca mejorar la forma y aspecto de las piernas. El procedimiento involucra la elevaci\u00f3n del ejido descolgado de muslos y nalgas, para mejorar el contorno corporal. \u00bfSOY CANDIDATA A UN LIFTING DE MUSLOS? Usted es candidata si presenta alguna de las siguientes caracter\u00edsticas: Presenta exceso de [&hellip;]<\/p>\n","protected":false},"author":1,"featured_media":0,"parent":5393,"menu_order":0,"comment_status":"closed","ping_status":"closed","template":"","meta":{"site-sidebar-layout":"no-sidebar","site-content-layout":"page-builder","ast-site-content-layout":"","site-content-style":"default","site-sidebar-style":"default","ast-global-header-display":"","ast-banner-title-visibility":"","ast-main-header-display":"","ast-hfb-above-header-display":"","ast-hfb-below-header-display":"","ast-hfb-mobile-header-display":"","site-post-title":"disabled","ast-breadcrumbs-content":"","ast-featured-img":"disabled","footer-sml-layout":"","theme-transparent-header-meta":"default","adv-header-id-meta":"","stick-header-meta":"","header-above-stick-meta":"","header-main-stick-meta":"","header-below-stick-meta":"","astra-migrate-meta-layouts":"default","ast-page-background-enabled":"default","ast-page-background-meta":{"desktop":{"background-color":"var(--ast-global-color-4)","background-image":"","background-repeat":"repeat","background-position":"center center","background-size":"auto","background-attachment":"scroll","background-type":"","background-media":"","overlay-type":"","overlay-color":"","overlay-opacity":"","overlay-gradient":""},"tablet":{"background-color":"","background-image":"","background-repeat":"repeat","background-position":"center center","background-size":"auto","background-attachment":"scroll","background-type":"","background-media":"","overlay-type":"","overlay-color":"","overlay-opacity":"","overlay-gradient":""},"mobile":{"background-color":"","background-image":"","background-repeat":"repeat","background-position":"center center","background-size":"auto","background-attachment":"scroll","background-type":"","background-media":"","overlay-type":"","overlay-color":"","overlay-opacity":"","overlay-gradient":""}},"ast-content-background-meta":{"desktop":{"background-color":"var(--ast-global-color-5)","background-image":"","background-repeat":"repeat","background-position":"center center","background-size":"auto","background-attachment":"scroll","background-type":"","background-media":"","overlay-type":"","overlay-color":"","overlay-opacity":"","overlay-gradient":""},"tablet":{"background-color":"var(--ast-global-color-5)","background-image":"","background-repeat":"repeat","background-position":"center center","background-size":"auto","background-attachment":"scroll","background-type":"","background-media":"","overlay-type":"","overlay-color":"","overlay-opacity":"","overlay-gradient":""},"mobile":{"background-color":"var(--ast-global-color-5)","background-image":"","background-repeat":"repeat","background-position":"center center","background-size":"auto","background-attachment":"scroll","background-type":"","background-media":"","overlay-type":"","overlay-color":"","overlay-opacity":"","overlay-gradient":""}},"footnotes":""},"class_list":["post-5429","page","type-page","status-publish","hentry"],"meta_box":[],"_links":{"self":[{"href":"https:\/\/procedimientosquirurgicos.com.co\/en\/wp-json\/wp\/v2\/pages\/5429","targetHints":{"allow":["GET"]}}],"collection":[{"href":"https:\/\/procedimientosquirurgicos.com.co\/en\/wp-json\/wp\/v2\/pages"}],"about":[{"href":"https:\/\/procedimientosquirurgicos.com.co\/en\/wp-json\/wp\/v2\/types\/page"}],"author":[{"embeddable":true,"href":"https:\/\/procedimientosquirurgicos.com.co\/en\/wp-json\/wp\/v2\/users\/1"}],"replies":[{"embeddable":true,"href":"https:\/\/procedimientosquirurgicos.com.co\/en\/wp-json\/wp\/v2\/comments?post=5429"}],"version-history":[{"count":1,"href":"https:\/\/procedimientosquirurgicos.com.co\/en\/wp-json\/wp\/v2\/pages\/5429\/revisions"}],"predecessor-version":[{"id":5430,"href":"https:\/\/procedimientosquirurgicos.com.co\/en\/wp-json\/wp\/v2\/pages\/5429\/revisions\/5430"}],"up":[{"embeddable":true,"href":"https:\/\/procedimientosquirurgicos.com.co\/en\/wp-json\/wp\/v2\/pages\/5393"}],"wp:attachment":[{"href":"https:\/\/procedimientosquirurgicos.com.co\/en\/wp-json\/wp\/v2\/media?parent=5429"}],"curies":[{"name":"wp","href":"https:\/\/api.w.org\/{rel}","templated":true}]}}